{"id":722,"date":"2023-01-11T15:31:43","date_gmt":"2023-01-11T14:31:43","guid":{"rendered":"https:\/\/www.aguafina.es\/?page_id=722"},"modified":"2023-01-11T15:31:49","modified_gmt":"2023-01-11T14:31:49","slug":"politica-de-cookies","status":"publish","type":"page","link":"https:\/\/www.aguafina.es\/ca\/politica-de-cookies\/","title":{"rendered":"Pol\u00edtica de cookies"},"content":{"rendered":"<p>[et_pb_section fb_built=&#8221;1&#8243; module_class=&#8221;legal-text&#8221; _builder_version=&#8221;4.19.4&#8243; _module_preset=&#8221;default&#8221; hover_enabled=&#8221;0&#8243; global_colors_info=&#8221;{}&#8221; locked=&#8221;off&#8221; theme_builder_area=&#8221;post_content&#8221; sticky_enabled=&#8221;0&#8243;][et_pb_row _builder_version=&#8221;4.19.4&#8243; _module_preset=&#8221;default&#8221; max_width=&#8221;1080px&#8221; global_colors_info=&#8221;{}&#8221; theme_builder_area=&#8221;post_content&#8221;][et_pb_column type=&#8221;4_4&#8243; _builder_version=&#8221;4.19.4&#8243; _module_preset=&#8221;default&#8221; global_colors_info=&#8221;{}&#8221; theme_builder_area=&#8221;post_content&#8221;][et_pb_post_title meta=&#8221;off&#8221; featured_image=&#8221;off&#8221; admin_label=&#8221;T\u00edtulo de publicaci\u00f3n&#8221; _builder_version=&#8221;4.19.4&#8243; _module_preset=&#8221;default&#8221; title_font=&#8221;Open Sans||||||||&#8221; title_text_color=&#8221;#51c0e0&#8243; title_font_size=&#8221;65px&#8221; title_line_height=&#8221;1.2em&#8221; title_font_size_tablet=&#8221;50px&#8221; title_font_size_phone=&#8221;50px&#8221; title_font_size_last_edited=&#8221;on|tablet&#8221; global_colors_info=&#8221;{}&#8221; theme_builder_area=&#8221;post_content&#8221;][\/et_pb_post_title][et_pb_text _builder_version=&#8221;4.19.4&#8243; _module_preset=&#8221;default&#8221; header_2_text_color=&#8221;#51c0e0&#8243; header_2_font_size=&#8221;38px&#8221; hover_enabled=&#8221;0&#8243; global_colors_info=&#8221;{}&#8221; theme_builder_area=&#8221;post_content&#8221; sticky_enabled=&#8221;0&#8243; header_3_text_color=&#8221;#51c0e0&#8243; header_4_text_color=&#8221;#51c0e0&#8243; header_3_font_size=&#8221;25px&#8221;]<\/p>\n<p><i>\u201cTexto actualizado a 23 de mayo de 2018.<\/i><\/p>\n<p>En todas las p\u00e1ginas del sitio Web\u00a0<a href=\"https:\/\/www.aguafina.es\/\">www.aguafina.es<\/a>\u00a0se ilustra informaci\u00f3n sobre su Pol\u00edtica de Cookies en la parte inferior de las mismas para que el Usuario pueda acceder a la misma en cualquier momento de la navegaci\u00f3n, pudiendo:<\/p>\n<ul>\n<li><strong>Consentir y aceptar que se instalen las cookies<\/strong>, en cuyo caso el aviso dejar\u00e1 de verse durante la sesi\u00f3n.<\/li>\n<li><strong>Modificar la configuraci\u00f3n de su navegador<\/strong>\u00a0para restringir, bloquear o eliminar las cookies en cualquier momento, si bien se advierte que la falta de aceptaci\u00f3n de la instalaci\u00f3n de cookies podr\u00eda impedir o dificultar las funcionalidades del servicio.<\/li>\n<li><strong>Seguir navegando o hacer un click en cualquier secci\u00f3n del portal<\/strong>, en cuyo caso consideramos que acepta su uso.<\/li>\n<\/ul>\n<h2>\u00bfQu\u00e9 son las\u00a0<i>cookies<\/i>?<\/h2>\n<p>Una\u00a0<i>cookie<\/i>\u00a0es un fichero que se descarga en su ordenador al acceder a determinadas p\u00e1ginas Web. Las\u00a0<i>cookies<\/i>\u00a0permiten a una p\u00e1gina Web, entre otras cosas, almacenar y recuperar informaci\u00f3n sobre h\u00e1bitos de navegaci\u00f3n de un usuario o de su equipo y, dependiendo de la informaci\u00f3n que contengan y de la forma que utilice su equipo, pueden utilizarse para reconocer al usuario.<\/p>\n<h2>\u00bfQu\u00e9 clases de cookies utiliza\u00a0<a href=\"https:\/\/www.aguafina.es\/\">www.aguafina.es<\/a>?<\/h2>\n<h3>Por el plazo de tiempo que permanecen activadas:<\/h3>\n<h4><strong>Cookies de sesi\u00f3n:<\/strong><\/h4>\n<p>Son las dise\u00f1adas para recabar y almacenar datos mientras el usuario accede a una p\u00e1gina web.<\/p>\n<p>Se suelen emplear para almacenar informaci\u00f3n que s\u00f3lo interesa conservar para la prestaci\u00f3n del servicio solicitado por el usuario en una sola ocasi\u00f3n.<\/p>\n<h4><strong>Cookies persistentes:<\/strong><\/h4>\n<p>Son un tipo de cookies en las que los datos siguen almacenados en el terminal y pueden ser accedidos y tratados durante un periodo definido por el responsable de la cookie, y que puede ir de unos minutos a varios a\u00f1os.<\/p>\n<h3>Por su finalidad<\/h3>\n<h4><strong>Cookies t\u00e9cnicas:<\/strong><\/h4>\n<p>Permiten al usuario la navegaci\u00f3n a trav\u00e9s de una p\u00e1gina web, plataforma o aplicaci\u00f3n y la utilizaci\u00f3n de las diferentes opciones o servicios que en ella existan, pej., controlar el tr\u00e1fico y la comunicaci\u00f3n de datos, identificar la sesi\u00f3n, acceder a partes de acceso restringido, recordar los elementos que integran un pedido, realizar el proceso de compra de un pedido, realizar la solicitud de inscripci\u00f3n o participaci\u00f3n en un evento, utilizar elementos de seguridad durante la navegaci\u00f3n, almacenar contenidos para la difusi\u00f3n de videos o sonido o compartir contenidos a trav\u00e9s de redes sociales.<\/p>\n<h4><strong>Cookies de an\u00e1lisis:<\/strong><\/h4>\n<p>Son aquellas que nos permiten cuantificar el n\u00famero de usuarios y as\u00ed realizar la medici\u00f3n y an\u00e1lisis estad\u00edstico de la utilizaci\u00f3n que hacen los mismos del servicio ofertado. Para ello se analiza su navegaci\u00f3n en nuestro sitio Web con el fin de mejorar los servicios que se divulgan.<\/p>\n<p>Se trata de cookies de terceros que se env\u00edan al equipo terminal del usuario desde un equipo o dominio gestionado por la propia entidad que realiza el an\u00e1lisis de los datos.<\/p>\n<p>Adem\u00e1s, son un tipo de cookies persistentes, por lo que los datos siguen almacenados en el terminal y pueden ser accedidos y tratados durante un periodo definido por el responsable de la cookie, y que puede ir de unos minutos a varios a\u00f1os.<\/p>\n<h4><strong>Cookies de publicidad comportamental:<\/strong><\/h4>\n<p>Son aquellas que permiten la gesti\u00f3n, de la forma m\u00e1s eficaz posible, de los espacios que, en su caso, el editor haya incluido en una p\u00e1gina web, aplicaci\u00f3n o plataforma desde la que se presta el servicio solicitado. Estas cookies almacenan informaci\u00f3n del comportamiento de los usuarios obtenida a trav\u00e9s de la observaci\u00f3n continuada de sus h\u00e1bitos de navegaci\u00f3n, lo que permite desarrollar un perfil espec\u00edfico para mostrar publicidad en funci\u00f3n del mismo.<\/p>\n<p>El detalle de las cookies utilizadas en el sitio\u00a0<a href=\"https:\/\/www.aguafina.es\/\">www.aguafina.es<\/a>\u00a0es el siguiente:<\/p>\n<table>\n<thead>\n<tr>\n<th>Cookies<\/th>\n<th>Nombre. Dominio asociado<\/th>\n<th>Tipo<\/th>\n<th>Finalidades<\/th>\n<\/tr>\n<\/thead>\n<tbody>\n<tr>\n<td>_ga<\/td>\n<td>aguafina.es<\/td>\n<td>De terceros.<\/td>\n<td>Del servicio Google Analytics, las usa Google para analizar h\u00e1bitos de navegaci\u00f3n de los usuarios que acceden a los sitios web de sus clientes.<\/td>\n<\/tr>\n<tr>\n<td>_gat_gtag_UA<\/td>\n<td>www.aguafina.es<\/td>\n<td>\u00a0<\/td>\n<td>Se utiliza para acelerar la velocidad de solicitud<\/td>\n<\/tr>\n<tr>\n<td>_gid<\/td>\n<td>\u00a0<\/td>\n<td>\u00a0<\/td>\n<td>Sirve para distinguir usuarios.<\/td>\n<\/tr>\n<tr>\n<td>DSID<\/td>\n<td>doubleclick.net<\/td>\n<td>De terceros.<\/td>\n<td>Cookie de Google para hacer que la publicidad sea m\u00e1s atractiva y valiosa para los usuarios.<\/td>\n<\/tr>\n<tr>\n<td>IDE<\/td>\n<td>doubleclick.net<\/td>\n<td>De terceros.<\/td>\n<td>Cookie de Google para hacer que la publicidad sea m\u00e1s atractiva y valiosa para los usuarios.<\/td>\n<\/tr>\n<tr>\n<td>cdp-cookies-plugin-wp<\/td>\n<td>www.aguafina.es<\/td>\n<td>\u00a0<\/td>\n<td>Controla el bot\u00f3n de aceptaci\u00f3n de cookies.<\/td>\n<\/tr>\n<\/tbody>\n<\/table>\n<p>Puede obtener m\u00e1s informaci\u00f3n de las cookies de terceros que usa esta web, en los siguientes enlaces:<br \/><a href=\"http:\/\/www.google.com\/intl\/es\/policies\/privacy\" target=\"_blank\" rel=\"nofollow noopener\">http:\/\/www.google.com\/intl\/es\/policies\/privacy<\/a><\/p>\n<p>Asimismo, usted puede permitir, bloquear o eliminar las cookies instaladas en su equipo mediante la configuraci\u00f3n de las opciones del navegador en su ordenador.<\/p>\n<p><strong>Firefox<\/strong><br \/><a href=\"http:\/\/support.mozilla.org\/es\/kb\/habilitar-y-deshabilitar-cookies-que-los-sitios-we\" target=\"_blank\" rel=\"nofollow noopener\">http:\/\/support.mozilla.org\/es\/kb\/habilitar-y-deshabilitar-cookies-que-los-sitios-we<\/a><\/p>\n<p><strong>Chrome<\/strong><br \/><a href=\"http:\/\/support.google.com\/chrome\/bin\/answer.py?hl=es&amp;answer=95647\" target=\"_blank\" rel=\"nofollow noopener\">http:\/\/support.google.com\/chrome\/bin\/answer.py?hl=es&amp;answer=95647<\/a><\/p>\n<p><strong>Explorer<\/strong><br \/><a href=\"http:\/\/windows.microsoft.com\/es-es\/windows7\/how-to-manage-cookies-in-internet-explorer-9\" target=\"_blank\" rel=\"nofollow noopener\">http:\/\/windows.microsoft.com\/es-es\/windows7\/how-to-manage-cookies-in-internet-explorer-9<\/a><\/p>\n<p><strong>Safari<\/strong><br \/><a href=\"https:\/\/support.apple.com\/kb\/ph21411?locale=es_ES\" target=\"_blank\" rel=\"nofollow noopener\">https:\/\/support.apple.com\/kb\/ph21411?locale=es_ES<\/a><\/p>\n<p><strong>Opera<\/strong><br \/><a href=\"http:\/\/help.opera.com\/Windows\/11.50\/es-ES\/cookies.html\" target=\"_blank\" rel=\"nofollow noopener\">http:\/\/help.opera.com\/Windows\/11.50\/es-ES\/cookies.html<\/a><\/p>\n<p><strong>Otros navegadores<\/strong><br \/>Consulte la documentaci\u00f3n del navegador que tenga instalado.<br \/>Adem\u00e1s, tambi\u00e9n puede gestionar el almac\u00e9n de cookies en su navegador a trav\u00e9s de herramientas como Your online choices:\u00a0<a href=\"http:\/\/www.youronlinechoices.com\/es\/\" target=\"_blank\" rel=\"nofollow noopener\">www.youronlinechoices.com\/es\/<\/a><br \/>Si desea rechazar las cookies anal\u00edticas de\u00a0<i>Google Analytics<\/i>\u00a0en todos los navegadores, de forma que no se env\u00ede informaci\u00f3n suya a\u00a0<i>Google Analytics<\/i>, puede descargar un complemento que realiza esta funci\u00f3n desde este enlace:<br \/><a href=\"https:\/\/tools.google.com\/dlpage\/gaoptout\" target=\"_blank\" rel=\"nofollow noopener\">https:\/\/tools.google.com\/dlpage\/gaoptout<\/a><\/p>\n<p>\u00a9Todos los derechos reservados.\u201d<\/p>\n<p>[\/et_pb_text][\/et_pb_column][\/et_pb_row][\/et_pb_section]<\/p>\n","protected":false},"excerpt":{"rendered":"<p>\u201cTexto actualizado a 23 de mayo de 2018. En todas las p\u00e1ginas del sitio Web\u00a0www.aguafina.es\u00a0se ilustra informaci\u00f3n sobre su Pol\u00edtica de Cookies en la parte inferior de las mismas para que el Usuario pueda acceder a la misma en cualquier momento de la navegaci\u00f3n, pudiendo: Consentir y aceptar que se instalen las cookies, en cuyo [&hellip;]<\/p>\n","protected":false},"author":2,"featured_media":0,"parent":0,"menu_order":0,"comment_status":"closed","ping_status":"closed","template":"","meta":{"_et_pb_use_builder":"on","_et_pb_old_content":"","_et_gb_content_width":"","footnotes":""},"class_list":["post-722","page","type-page","status-publish","hentry"],"yoast_head":"<!-- This site is optimized with the Yoast SEO plugin v27.4 - https:\/\/yoast.com\/product\/yoast-seo-wordpress\/ -->\n<title>Pol\u00edtica de cookies - Aguafina<\/title>\n<meta name=\"robots\" content=\"index, follow, max-snippet:-1, max-image-preview:large, max-video-preview:-1\" \/>\n<link rel=\"canonical\" href=\"https:\/\/www.aguafina.es\/ca\/politica-de-cookies\/\" \/>\n<meta property=\"og:locale\" content=\"ca_ES\" \/>\n<meta property=\"og:type\" content=\"article\" \/>\n<meta property=\"og:title\" content=\"Pol\u00edtica de cookies - Aguafina\" \/>\n<meta property=\"og:description\" content=\"\u201cTexto actualizado a 23 de mayo de 2018. En todas las p\u00e1ginas del sitio Web\u00a0www.aguafina.es\u00a0se ilustra informaci\u00f3n sobre su Pol\u00edtica de Cookies en la parte inferior de las mismas para que el Usuario pueda acceder a la misma en cualquier momento de la navegaci\u00f3n, pudiendo: Consentir y aceptar que se instalen las cookies, en cuyo [&hellip;]\" \/>\n<meta property=\"og:url\" content=\"https:\/\/www.aguafina.es\/ca\/politica-de-cookies\/\" \/>\n<meta property=\"og:site_name\" content=\"Aguafina\" \/>\n<meta property=\"article:modified_time\" content=\"2023-01-11T14:31:49+00:00\" \/>\n<meta property=\"og:image\" content=\"https:\/\/www.aguafina.es\/wp-content\/uploads\/2022\/12\/img_home_contingut-1024x575.png\" \/>\n\t<meta property=\"og:image:width\" content=\"1024\" \/>\n\t<meta property=\"og:image:height\" content=\"575\" \/>\n\t<meta property=\"og:image:type\" content=\"image\/png\" \/>\n<meta name=\"twitter:card\" content=\"summary_large_image\" \/>\n<script type=\"application\/ld+json\" class=\"yoast-schema-graph\">{\"@context\":\"https:\\\/\\\/schema.org\",\"@graph\":[{\"@type\":\"WebPage\",\"@id\":\"https:\\\/\\\/www.aguafina.es\\\/ca\\\/politica-de-cookies\\\/\",\"url\":\"https:\\\/\\\/www.aguafina.es\\\/ca\\\/politica-de-cookies\\\/\",\"name\":\"Pol\u00edtica de cookies - Aguafina\",\"isPartOf\":{\"@id\":\"https:\\\/\\\/www.aguafina.es\\\/#website\"},\"datePublished\":\"2023-01-11T14:31:43+00:00\",\"dateModified\":\"2023-01-11T14:31:49+00:00\",\"breadcrumb\":{\"@id\":\"https:\\\/\\\/www.aguafina.es\\\/ca\\\/politica-de-cookies\\\/#breadcrumb\"},\"inLanguage\":\"ca\",\"potentialAction\":[{\"@type\":\"ReadAction\",\"target\":[\"https:\\\/\\\/www.aguafina.es\\\/ca\\\/politica-de-cookies\\\/\"]}]},{\"@type\":\"BreadcrumbList\",\"@id\":\"https:\\\/\\\/www.aguafina.es\\\/ca\\\/politica-de-cookies\\\/#breadcrumb\",\"itemListElement\":[{\"@type\":\"ListItem\",\"position\":1,\"name\":\"Inici\",\"item\":\"https:\\\/\\\/www.aguafina.es\\\/ca\\\/\"},{\"@type\":\"ListItem\",\"position\":2,\"name\":\"Pol\u00edtica de cookies\"}]},{\"@type\":\"WebSite\",\"@id\":\"https:\\\/\\\/www.aguafina.es\\\/#website\",\"url\":\"https:\\\/\\\/www.aguafina.es\\\/\",\"name\":\"Aguafina\",\"description\":\"Agua para profesionales\",\"publisher\":{\"@id\":\"https:\\\/\\\/www.aguafina.es\\\/#organization\"},\"alternateName\":\"Agua filtrada restaurantes\",\"potentialAction\":[{\"@type\":\"SearchAction\",\"target\":{\"@type\":\"EntryPoint\",\"urlTemplate\":\"https:\\\/\\\/www.aguafina.es\\\/?s={search_term_string}\"},\"query-input\":{\"@type\":\"PropertyValueSpecification\",\"valueRequired\":true,\"valueName\":\"search_term_string\"}}],\"inLanguage\":\"ca\"},{\"@type\":\"Organization\",\"@id\":\"https:\\\/\\\/www.aguafina.es\\\/#organization\",\"name\":\"Aguafina\",\"alternateName\":\"Aguafina\",\"url\":\"https:\\\/\\\/www.aguafina.es\\\/\",\"logo\":{\"@type\":\"ImageObject\",\"inLanguage\":\"ca\",\"@id\":\"https:\\\/\\\/www.aguafina.es\\\/#\\\/schema\\\/logo\\\/image\\\/\",\"url\":\"https:\\\/\\\/www.aguafina.es\\\/wp-content\\\/uploads\\\/2022\\\/12\\\/logo_aguafina-1.png\",\"contentUrl\":\"https:\\\/\\\/www.aguafina.es\\\/wp-content\\\/uploads\\\/2022\\\/12\\\/logo_aguafina-1.png\",\"width\":627,\"height\":284,\"caption\":\"Aguafina\"},\"image\":{\"@id\":\"https:\\\/\\\/www.aguafina.es\\\/#\\\/schema\\\/logo\\\/image\\\/\"}}]}<\/script>\n<!-- \/ Yoast SEO plugin. -->","yoast_head_json":{"title":"Pol\u00edtica de cookies - Aguafina","robots":{"index":"index","follow":"follow","max-snippet":"max-snippet:-1","max-image-preview":"max-image-preview:large","max-video-preview":"max-video-preview:-1"},"canonical":"https:\/\/www.aguafina.es\/ca\/politica-de-cookies\/","og_locale":"ca_ES","og_type":"article","og_title":"Pol\u00edtica de cookies - Aguafina","og_description":"\u201cTexto actualizado a 23 de mayo de 2018. En todas las p\u00e1ginas del sitio Web\u00a0www.aguafina.es\u00a0se ilustra informaci\u00f3n sobre su Pol\u00edtica de Cookies en la parte inferior de las mismas para que el Usuario pueda acceder a la misma en cualquier momento de la navegaci\u00f3n, pudiendo: Consentir y aceptar que se instalen las cookies, en cuyo [&hellip;]","og_url":"https:\/\/www.aguafina.es\/ca\/politica-de-cookies\/","og_site_name":"Aguafina","article_modified_time":"2023-01-11T14:31:49+00:00","og_image":[{"width":1024,"height":575,"url":"https:\/\/www.aguafina.es\/wp-content\/uploads\/2022\/12\/img_home_contingut-1024x575.png","type":"image\/png"}],"twitter_card":"summary_large_image","schema":{"@context":"https:\/\/schema.org","@graph":[{"@type":"WebPage","@id":"https:\/\/www.aguafina.es\/ca\/politica-de-cookies\/","url":"https:\/\/www.aguafina.es\/ca\/politica-de-cookies\/","name":"Pol\u00edtica de cookies - Aguafina","isPartOf":{"@id":"https:\/\/www.aguafina.es\/#website"},"datePublished":"2023-01-11T14:31:43+00:00","dateModified":"2023-01-11T14:31:49+00:00","breadcrumb":{"@id":"https:\/\/www.aguafina.es\/ca\/politica-de-cookies\/#breadcrumb"},"inLanguage":"ca","potentialAction":[{"@type":"ReadAction","target":["https:\/\/www.aguafina.es\/ca\/politica-de-cookies\/"]}]},{"@type":"BreadcrumbList","@id":"https:\/\/www.aguafina.es\/ca\/politica-de-cookies\/#breadcrumb","itemListElement":[{"@type":"ListItem","position":1,"name":"Inici","item":"https:\/\/www.aguafina.es\/ca\/"},{"@type":"ListItem","position":2,"name":"Pol\u00edtica de cookies"}]},{"@type":"WebSite","@id":"https:\/\/www.aguafina.es\/#website","url":"https:\/\/www.aguafina.es\/","name":"Aguafina","description":"Agua para profesionales","publisher":{"@id":"https:\/\/www.aguafina.es\/#organization"},"alternateName":"Agua filtrada restaurantes","potentialAction":[{"@type":"SearchAction","target":{"@type":"EntryPoint","urlTemplate":"https:\/\/www.aguafina.es\/?s={search_term_string}"},"query-input":{"@type":"PropertyValueSpecification","valueRequired":true,"valueName":"search_term_string"}}],"inLanguage":"ca"},{"@type":"Organization","@id":"https:\/\/www.aguafina.es\/#organization","name":"Aguafina","alternateName":"Aguafina","url":"https:\/\/www.aguafina.es\/","logo":{"@type":"ImageObject","inLanguage":"ca","@id":"https:\/\/www.aguafina.es\/#\/schema\/logo\/image\/","url":"https:\/\/www.aguafina.es\/wp-content\/uploads\/2022\/12\/logo_aguafina-1.png","contentUrl":"https:\/\/www.aguafina.es\/wp-content\/uploads\/2022\/12\/logo_aguafina-1.png","width":627,"height":284,"caption":"Aguafina"},"image":{"@id":"https:\/\/www.aguafina.es\/#\/schema\/logo\/image\/"}}]}},"_links":{"self":[{"href":"https:\/\/www.aguafina.es\/ca\/wp-json\/wp\/v2\/pages\/722","targetHints":{"allow":["GET"]}}],"collection":[{"href":"https:\/\/www.aguafina.es\/ca\/wp-json\/wp\/v2\/pages"}],"about":[{"href":"https:\/\/www.aguafina.es\/ca\/wp-json\/wp\/v2\/types\/page"}],"author":[{"embeddable":true,"href":"https:\/\/www.aguafina.es\/ca\/wp-json\/wp\/v2\/users\/2"}],"replies":[{"embeddable":true,"href":"https:\/\/www.aguafina.es\/ca\/wp-json\/wp\/v2\/comments?post=722"}],"version-history":[{"count":9,"href":"https:\/\/www.aguafina.es\/ca\/wp-json\/wp\/v2\/pages\/722\/revisions"}],"predecessor-version":[{"id":736,"href":"https:\/\/www.aguafina.es\/ca\/wp-json\/wp\/v2\/pages\/722\/revisions\/736"}],"wp:attachment":[{"href":"https:\/\/www.aguafina.es\/ca\/wp-json\/wp\/v2\/media?parent=722"}],"curies":[{"name":"wp","href":"https:\/\/api.w.org\/{rel}","templated":true}]}}