{"id":700,"date":"2023-01-11T12:56:38","date_gmt":"2023-01-11T11:56:38","guid":{"rendered":"https:\/\/www.aguafina.es\/aviso-legal\/"},"modified":"2023-01-11T15:22:45","modified_gmt":"2023-01-11T14:22:45","slug":"avis-legal","status":"publish","type":"page","link":"https:\/\/www.aguafina.es\/ca\/avis-legal\/","title":{"rendered":"Av\u00eds legal"},"content":{"rendered":"<p>[et_pb_section fb_built=&#8221;1&#8243; _builder_version=&#8221;4.19.4&#8243; _module_preset=&#8221;default&#8221; hover_enabled=&#8221;0&#8243; global_colors_info=&#8221;{}&#8221; module_class=&#8221;legal-text&#8221; sticky_enabled=&#8221;0&#8243;][et_pb_row _builder_version=&#8221;4.19.4&#8243; _module_preset=&#8221;default&#8221; max_width=&#8221;1080px&#8221; global_colors_info=&#8221;{}&#8221;][et_pb_column type=&#8221;4_4&#8243; _builder_version=&#8221;4.19.4&#8243; _module_preset=&#8221;default&#8221; global_colors_info=&#8221;{}&#8221;][et_pb_post_title meta=&#8221;off&#8221; featured_image=&#8221;off&#8221; admin_label=&#8221;T\u00edtulo de publicaci\u00f3n&#8221; _builder_version=&#8221;4.19.4&#8243; _module_preset=&#8221;default&#8221; title_font=&#8221;Open Sans||||||||&#8221; title_text_color=&#8221;#51c0e0&#8243; title_font_size=&#8221;65px&#8221; title_line_height=&#8221;1.2em&#8221; title_font_size_tablet=&#8221;50px&#8221; title_font_size_phone=&#8221;50px&#8221; title_font_size_last_edited=&#8221;on|tablet&#8221; global_colors_info=&#8221;{}&#8221;][\/et_pb_post_title][et_pb_text _builder_version=&#8221;4.19.4&#8243; _module_preset=&#8221;default&#8221; header_2_text_color=&#8221;#51c0e0&#8243; header_2_font_size=&#8221;38px&#8221; global_colors_info=&#8221;{}&#8221;]\u201cActualizado a 23 de mayo de 2018.<\/p>\n<h2><strong>Identificaci\u00f3n<\/strong><\/h2>\n<p>El presente sitio web\u00a0<a href=\"https:\/\/www.aguafina.es\/ca\/\">www.aguafina.es<\/a>\u00a0es propiedad de GENERAL WATER SYSTEMS, SL (en adelante GENERAL WATER), con domicilio social en c. CAN Buscarons de Baix, 5, nave 1 -08170- Montorn\u00e8s del Vall\u00e8s (Barcelona), CIF n\u00ba B-62258546, inscrita en el Registro Mercantil de Barcelona, Tomo 32585, Folio 168, Secci\u00f3n 8, Hoja 216305, tel\u00e9fono n\u00ba 935722800, correo electr\u00f3nico\u00a0<a href=\"mailto:info@generalwater.es\">info@generalwater.es<\/a><\/p>\n<h2><strong>Condiciones de uso del portal y responsabilidades<\/strong><\/h2>\n<p>El acceso a este portal es gratuito, entendi\u00e9ndose que todo aquel que acceda o haga uso del mismo adquiere la condici\u00f3n de Usuario y acepta sin reservas todas las presentes condiciones.<\/p>\n<p>El Usuario es el responsable del buen uso en general del portal, de su contenido y servicios, as\u00ed como de la veracidad y rectitud de los datos que en su caso deba proporcionar para acceder a los mismos, quedando expresamente prohibidas todas aquellas actividades que en cada momento puedan considerarse contrarias a la legislaci\u00f3n vigente, reserv\u00e1ndose el titular del portal el derecho a impedir el acceso total o parcial a su sitio web o a alguno de sus contenidos o servicios, as\u00ed como a ejercer las acciones legales oportunas contra aquellos que incumplan lo previsto en estas condiciones de uso, eximi\u00e9ndose el titular del portal de cualquier responsabilidad derivada de actuaciones realizadas por terceros, actos fortuitos o de fuerza mayor.<\/p>\n<p>Sin previo aviso, el titular del portal se reserva el derecho a hacer los cambios y revisiones que estime oportunos en su sitio web, alterando, a\u00f1adiendo, eliminando todo o parte de los contenidos, servicios o dise\u00f1o del portal.<\/p>\n<h2><strong>Derechos de propiedad intelectual e industrial<\/strong><\/h2>\n<p>El software, el dise\u00f1o, el c\u00f3digo fuente y todos los contenidos del portal\u00a0<a href=\"https:\/\/www.aguafina.es\/ca\/\">www.aguafina.es<\/a>\u00a0tales como textos, incluidos los Avisos Legales, fotograf\u00edas, logos, marcas, y dem\u00e1s signos distintivos que aparecen en el mismo, pertenecen al titular del portal o a terceros que han autorizado su uso, estando protegidos por la legislaci\u00f3n de propiedad intelectual e industrial.<\/p>\n<p>El uso, reproducci\u00f3n, distribuci\u00f3n, comunicaci\u00f3n p\u00fablica, transformaci\u00f3n total o parcial de los contenidos de este portal o cualquier otra actividad similar o an\u00e1loga, queda totalmente prohibida salvo que medie expresa autorizaci\u00f3n del titular del portal. La licencia de uso de cualquier contenido de este portal otorgada al Usuario se limita a la descarga de dicho contenido y el uso privado del mismo, siempre que se mantenga la integridad de dichos contenidos.<\/p>\n<p>Queda expresamente prohibida la realizaci\u00f3n de \u201cframings\u201d o el uso de cualquier otro mecanismo que modifique el dise\u00f1o, configuraci\u00f3n original o contenidos del portal.<\/p>\n<p>El titular del portal quiere respetar los derechos de propiedad intelectual e industrial de terceros, por lo que si considera que este sitio pudiera estar vulner\u00e1ndolos, contacte con nosotros a trav\u00e9s de cualquiera de los datos de contacto indicados en el apartado \u201cIdentificaci\u00f3n\u201d.<\/p>\n<h2><strong>Links o hiperenlaces<\/strong><\/h2>\n<p>Con el fin de facilitar el acceso a p\u00e1ginas Web que el titular del portal considera que pueden ser de inter\u00e9s para el Usuario y cuya titularidad no le pertenecen, pueden proporcionarse enlaces a las mismas, sin que pueda hacerse responsable de los contenidos, del funcionamiento de la Web enlazada, o de posibles da\u00f1os que pudieran ocasionarse del acceso o uso de la misma, por lo que el usuario asume bajo su responsabilidad todas las consecuencias incluso da\u00f1osas que pudieran derivarse de tal acceso.<br \/>\nLos enlaces de otras webs a la de del titular del portal est\u00e1 prohibida sin previa autorizaci\u00f3n. En cualquier caso, el titular del portal declina cualquier responsabilidad por los da\u00f1os y perjuicios que pudieran derivarse al Usuario por el acceso y uso del portal que hubiera facilitado el enlace.<\/p>\n<h2><strong>Ley aplicable y jurisdicci\u00f3n<\/strong><\/h2>\n<p>La legislaci\u00f3n espa\u00f1ola ser\u00e1 la aplicable en caso de conflictos que puedan surgir en relaci\u00f3n al acceso y uso este sitio Web. Sin perjuicio de lo que se establezca imperativamente para casos especiales, con renuncia a cualquier otro foro que pudiera corresponderles, las partes se someten expresamente a la jurisdicci\u00f3n de los juzgados de la ciudad de Granollers.<br \/>\n\u00a9Todos los derechos reservados.\u201d<br \/>\n[\/et_pb_text][\/et_pb_column][\/et_pb_row][\/et_pb_section]<\/p>\n","protected":false},"excerpt":{"rendered":"<p>\u201cActualizado a 23 de mayo de 2018. Identificaci\u00f3n El presente sitio web\u00a0www.aguafina.es\u00a0es propiedad de GENERAL WATER SYSTEMS, SL (en adelante GENERAL WATER), con domicilio social en c. CAN Buscarons de Baix, 5, nave 1 -08170- Montorn\u00e8s del Vall\u00e8s (Barcelona), CIF n\u00ba B-62258546, inscrita en el Registro Mercantil de Barcelona, Tomo 32585, Folio 168, Secci\u00f3n 8, [&hellip;]<\/p>\n","protected":false},"author":2,"featured_media":0,"parent":0,"menu_order":0,"comment_status":"closed","ping_status":"closed","template":"","meta":{"_et_pb_use_builder":"on","_et_pb_old_content":"","_et_gb_content_width":"","footnotes":""},"class_list":["post-700","page","type-page","status-publish","hentry"],"yoast_head":"<!-- This site is optimized with the Yoast SEO plugin v27.4 - https:\/\/yoast.com\/product\/yoast-seo-wordpress\/ -->\n<title>Av\u00eds legal - Aguafina<\/title>\n<meta name=\"robots\" content=\"index, follow, max-snippet:-1, max-image-preview:large, max-video-preview:-1\" \/>\n<link rel=\"canonical\" href=\"https:\/\/www.aguafina.es\/ca\/avis-legal\/\" \/>\n<meta property=\"og:locale\" content=\"ca_ES\" \/>\n<meta property=\"og:type\" content=\"article\" \/>\n<meta property=\"og:title\" content=\"Av\u00eds legal - Aguafina\" \/>\n<meta property=\"og:description\" content=\"\u201cActualizado a 23 de mayo de 2018. Identificaci\u00f3n El presente sitio web\u00a0www.aguafina.es\u00a0es propiedad de GENERAL WATER SYSTEMS, SL (en adelante GENERAL WATER), con domicilio social en c. CAN Buscarons de Baix, 5, nave 1 -08170- Montorn\u00e8s del Vall\u00e8s (Barcelona), CIF n\u00ba B-62258546, inscrita en el Registro Mercantil de Barcelona, Tomo 32585, Folio 168, Secci\u00f3n 8, [&hellip;]\" \/>\n<meta property=\"og:url\" content=\"https:\/\/www.aguafina.es\/ca\/avis-legal\/\" \/>\n<meta property=\"og:site_name\" content=\"Aguafina\" \/>\n<meta property=\"article:modified_time\" content=\"2023-01-11T14:22:45+00:00\" \/>\n<meta property=\"og:image\" content=\"https:\/\/www.aguafina.es\/wp-content\/uploads\/2022\/12\/img_home_contingut-1024x575.png\" \/>\n\t<meta property=\"og:image:width\" content=\"1024\" \/>\n\t<meta property=\"og:image:height\" content=\"575\" \/>\n\t<meta property=\"og:image:type\" content=\"image\/png\" \/>\n<meta name=\"twitter:card\" content=\"summary_large_image\" \/>\n<script type=\"application\/ld+json\" class=\"yoast-schema-graph\">{\"@context\":\"https:\\\/\\\/schema.org\",\"@graph\":[{\"@type\":\"WebPage\",\"@id\":\"https:\\\/\\\/www.aguafina.es\\\/ca\\\/avis-legal\\\/\",\"url\":\"https:\\\/\\\/www.aguafina.es\\\/ca\\\/avis-legal\\\/\",\"name\":\"Av\u00eds legal - Aguafina\",\"isPartOf\":{\"@id\":\"https:\\\/\\\/www.aguafina.es\\\/#website\"},\"datePublished\":\"2023-01-11T11:56:38+00:00\",\"dateModified\":\"2023-01-11T14:22:45+00:00\",\"breadcrumb\":{\"@id\":\"https:\\\/\\\/www.aguafina.es\\\/ca\\\/avis-legal\\\/#breadcrumb\"},\"inLanguage\":\"ca\",\"potentialAction\":[{\"@type\":\"ReadAction\",\"target\":[\"https:\\\/\\\/www.aguafina.es\\\/ca\\\/avis-legal\\\/\"]}]},{\"@type\":\"BreadcrumbList\",\"@id\":\"https:\\\/\\\/www.aguafina.es\\\/ca\\\/avis-legal\\\/#breadcrumb\",\"itemListElement\":[{\"@type\":\"ListItem\",\"position\":1,\"name\":\"Inici\",\"item\":\"https:\\\/\\\/www.aguafina.es\\\/ca\\\/\"},{\"@type\":\"ListItem\",\"position\":2,\"name\":\"Av\u00eds legal\"}]},{\"@type\":\"WebSite\",\"@id\":\"https:\\\/\\\/www.aguafina.es\\\/#website\",\"url\":\"https:\\\/\\\/www.aguafina.es\\\/\",\"name\":\"Aguafina\",\"description\":\"Agua para profesionales\",\"publisher\":{\"@id\":\"https:\\\/\\\/www.aguafina.es\\\/#organization\"},\"alternateName\":\"Agua filtrada restaurantes\",\"potentialAction\":[{\"@type\":\"SearchAction\",\"target\":{\"@type\":\"EntryPoint\",\"urlTemplate\":\"https:\\\/\\\/www.aguafina.es\\\/?s={search_term_string}\"},\"query-input\":{\"@type\":\"PropertyValueSpecification\",\"valueRequired\":true,\"valueName\":\"search_term_string\"}}],\"inLanguage\":\"ca\"},{\"@type\":\"Organization\",\"@id\":\"https:\\\/\\\/www.aguafina.es\\\/#organization\",\"name\":\"Aguafina\",\"alternateName\":\"Aguafina\",\"url\":\"https:\\\/\\\/www.aguafina.es\\\/\",\"logo\":{\"@type\":\"ImageObject\",\"inLanguage\":\"ca\",\"@id\":\"https:\\\/\\\/www.aguafina.es\\\/#\\\/schema\\\/logo\\\/image\\\/\",\"url\":\"https:\\\/\\\/www.aguafina.es\\\/wp-content\\\/uploads\\\/2022\\\/12\\\/logo_aguafina-1.png\",\"contentUrl\":\"https:\\\/\\\/www.aguafina.es\\\/wp-content\\\/uploads\\\/2022\\\/12\\\/logo_aguafina-1.png\",\"width\":627,\"height\":284,\"caption\":\"Aguafina\"},\"image\":{\"@id\":\"https:\\\/\\\/www.aguafina.es\\\/#\\\/schema\\\/logo\\\/image\\\/\"}}]}<\/script>\n<!-- \/ Yoast SEO plugin. -->","yoast_head_json":{"title":"Av\u00eds legal - Aguafina","robots":{"index":"index","follow":"follow","max-snippet":"max-snippet:-1","max-image-preview":"max-image-preview:large","max-video-preview":"max-video-preview:-1"},"canonical":"https:\/\/www.aguafina.es\/ca\/avis-legal\/","og_locale":"ca_ES","og_type":"article","og_title":"Av\u00eds legal - Aguafina","og_description":"\u201cActualizado a 23 de mayo de 2018. Identificaci\u00f3n El presente sitio web\u00a0www.aguafina.es\u00a0es propiedad de GENERAL WATER SYSTEMS, SL (en adelante GENERAL WATER), con domicilio social en c. CAN Buscarons de Baix, 5, nave 1 -08170- Montorn\u00e8s del Vall\u00e8s (Barcelona), CIF n\u00ba B-62258546, inscrita en el Registro Mercantil de Barcelona, Tomo 32585, Folio 168, Secci\u00f3n 8, [&hellip;]","og_url":"https:\/\/www.aguafina.es\/ca\/avis-legal\/","og_site_name":"Aguafina","article_modified_time":"2023-01-11T14:22:45+00:00","og_image":[{"width":1024,"height":575,"url":"https:\/\/www.aguafina.es\/wp-content\/uploads\/2022\/12\/img_home_contingut-1024x575.png","type":"image\/png"}],"twitter_card":"summary_large_image","schema":{"@context":"https:\/\/schema.org","@graph":[{"@type":"WebPage","@id":"https:\/\/www.aguafina.es\/ca\/avis-legal\/","url":"https:\/\/www.aguafina.es\/ca\/avis-legal\/","name":"Av\u00eds legal - Aguafina","isPartOf":{"@id":"https:\/\/www.aguafina.es\/#website"},"datePublished":"2023-01-11T11:56:38+00:00","dateModified":"2023-01-11T14:22:45+00:00","breadcrumb":{"@id":"https:\/\/www.aguafina.es\/ca\/avis-legal\/#breadcrumb"},"inLanguage":"ca","potentialAction":[{"@type":"ReadAction","target":["https:\/\/www.aguafina.es\/ca\/avis-legal\/"]}]},{"@type":"BreadcrumbList","@id":"https:\/\/www.aguafina.es\/ca\/avis-legal\/#breadcrumb","itemListElement":[{"@type":"ListItem","position":1,"name":"Inici","item":"https:\/\/www.aguafina.es\/ca\/"},{"@type":"ListItem","position":2,"name":"Av\u00eds legal"}]},{"@type":"WebSite","@id":"https:\/\/www.aguafina.es\/#website","url":"https:\/\/www.aguafina.es\/","name":"Aguafina","description":"Agua para profesionales","publisher":{"@id":"https:\/\/www.aguafina.es\/#organization"},"alternateName":"Agua filtrada restaurantes","potentialAction":[{"@type":"SearchAction","target":{"@type":"EntryPoint","urlTemplate":"https:\/\/www.aguafina.es\/?s={search_term_string}"},"query-input":{"@type":"PropertyValueSpecification","valueRequired":true,"valueName":"search_term_string"}}],"inLanguage":"ca"},{"@type":"Organization","@id":"https:\/\/www.aguafina.es\/#organization","name":"Aguafina","alternateName":"Aguafina","url":"https:\/\/www.aguafina.es\/","logo":{"@type":"ImageObject","inLanguage":"ca","@id":"https:\/\/www.aguafina.es\/#\/schema\/logo\/image\/","url":"https:\/\/www.aguafina.es\/wp-content\/uploads\/2022\/12\/logo_aguafina-1.png","contentUrl":"https:\/\/www.aguafina.es\/wp-content\/uploads\/2022\/12\/logo_aguafina-1.png","width":627,"height":284,"caption":"Aguafina"},"image":{"@id":"https:\/\/www.aguafina.es\/#\/schema\/logo\/image\/"}}]}},"_links":{"self":[{"href":"https:\/\/www.aguafina.es\/ca\/wp-json\/wp\/v2\/pages\/700","targetHints":{"allow":["GET"]}}],"collection":[{"href":"https:\/\/www.aguafina.es\/ca\/wp-json\/wp\/v2\/pages"}],"about":[{"href":"https:\/\/www.aguafina.es\/ca\/wp-json\/wp\/v2\/types\/page"}],"author":[{"embeddable":true,"href":"https:\/\/www.aguafina.es\/ca\/wp-json\/wp\/v2\/users\/2"}],"replies":[{"embeddable":true,"href":"https:\/\/www.aguafina.es\/ca\/wp-json\/wp\/v2\/comments?post=700"}],"version-history":[{"count":4,"href":"https:\/\/www.aguafina.es\/ca\/wp-json\/wp\/v2\/pages\/700\/revisions"}],"predecessor-version":[{"id":720,"href":"https:\/\/www.aguafina.es\/ca\/wp-json\/wp\/v2\/pages\/700\/revisions\/720"}],"wp:attachment":[{"href":"https:\/\/www.aguafina.es\/ca\/wp-json\/wp\/v2\/media?parent=700"}],"curies":[{"name":"wp","href":"https:\/\/api.w.org\/{rel}","templated":true}]}}