{"id":42,"date":"2022-12-15T10:51:43","date_gmt":"2022-12-15T09:51:43","guid":{"rendered":"https:\/\/www.aguafina.es\/?page_id=42"},"modified":"2024-05-08T10:02:56","modified_gmt":"2024-05-08T08:02:56","slug":"home","status":"publish","type":"page","link":"https:\/\/www.aguafina.es\/ca\/","title":{"rendered":"Home"},"content":{"rendered":"<p>[et_pb_section fb_built=&#8221;1&#8243; fullwidth=&#8221;on&#8221; admin_label=&#8221;Cap\u00e7alera&#8221; module_id=&#8221;banner-home-dk&#8221; _builder_version=&#8221;4.19.4&#8243; _module_preset=&#8221;default&#8221; bottom_divider_style=&#8221;ramp&#8221; bottom_divider_color=&#8221;#FFFFFF&#8221; bottom_divider_height=&#8221;150px&#8221; bottom_divider_repeat=&#8221;1x&#8221; bottom_divider_height_tablet=&#8221;100px&#8221; bottom_divider_height_phone=&#8221;50px&#8221; bottom_divider_height_last_edited=&#8221;on|phone&#8221; locked=&#8221;off&#8221; collapsed=&#8221;on&#8221; global_colors_info=&#8221;{}&#8221;][et_pb_fullwidth_header title=&#8221;L\u00edders en FONTS d&#8217;aigua FILTRADA&#8221; text_orientation=&#8221;right&#8221; header_fullscreen=&#8221;on&#8221; content_orientation=&#8221;bottom&#8221; module_class=&#8221;big-text&#8221; _builder_version=&#8221;4.21.0&#8243; _module_preset=&#8221;default&#8221; title_font=&#8221;Open Sans|||on|||||&#8221; title_text_align=&#8221;left&#8221; title_font_size=&#8221;65px&#8221; title_line_height=&#8221;1.2em&#8221; background_image=&#8221;https:\/\/www.aguafina.es\/wp-content\/uploads\/2022\/12\/img_home_principal.png&#8221; title_text_align_tablet=&#8221;left&#8221; title_text_align_phone=&#8221;center&#8221; title_text_align_last_edited=&#8221;on|phone&#8221; title_font_size_tablet=&#8221;65px&#8221; title_font_size_phone=&#8221;30px&#8221; title_font_size_last_edited=&#8221;on|phone&#8221; global_colors_info=&#8221;{}&#8221;][\/et_pb_fullwidth_header][\/et_pb_section][et_pb_section fb_built=&#8221;1&#8243; custom_padding_last_edited=&#8221;off|phone&#8221; admin_label=&#8221;Text Qui som&#8221; _builder_version=&#8221;4.19.4&#8243; _module_preset=&#8221;default&#8221; min_height=&#8221;281.2px&#8221; custom_padding_phone=&#8221;||||false|false&#8221; locked=&#8221;off&#8221; collapsed=&#8221;on&#8221; global_colors_info=&#8221;{}&#8221;][et_pb_row _builder_version=&#8221;4.19.4&#8243; _module_preset=&#8221;default&#8221; max_width=&#8221;1400px&#8221; custom_padding=&#8221;0px||||false|false&#8221; global_colors_info=&#8221;{}&#8221;][et_pb_column type=&#8221;4_4&#8243; _builder_version=&#8221;4.19.3&#8243; _module_preset=&#8221;default&#8221; global_colors_info=&#8221;{}&#8221;][et_pb_text _builder_version=&#8221;4.21.0&#8243; _module_preset=&#8221;default&#8221; text_text_color=&#8221;#999999&#8243; text_font_size=&#8221;19px&#8221; text_orientation=&#8221;center&#8221; custom_padding=&#8221;0px||||false|false&#8221; global_colors_info=&#8221;{}&#8221;]<\/p>\n<p>Som General Water Systems, el distribuidor oficial a Espanya de General Electric Smartwater en la divisi\u00f3 de tractament d&#8217;aigua des de l&#8217;any 2000.<br \/>Aquest fet ens defineix com una empresa orientada a la qualitat i la innovaci\u00f3 cont\u00ednua. Fruit d&#8217;aquesta filosofia, desenvolupem i incorporem constantment nous productes, com el descalcificador Electrolux18L o N\u00e1yade, una osmosi petita i elegant destinada a ser la revoluci\u00f3 en el consum d&#8217;aigua dom\u00e9stica.<\/p>\n<p>[\/et_pb_text][\/et_pb_column][\/et_pb_row][\/et_pb_section][et_pb_section fb_built=&#8221;1&#8243; admin_label=&#8221;Estalvi i salut&#8221; _builder_version=&#8221;4.19.4&#8243; _module_preset=&#8221;default&#8221; background_color=&#8221;#51c0e0&#8243; locked=&#8221;off&#8221; collapsed=&#8221;on&#8221; global_colors_info=&#8221;{}&#8221;][et_pb_row _builder_version=&#8221;4.19.4&#8243; _module_preset=&#8221;default&#8221; global_colors_info=&#8221;{}&#8221;][et_pb_column type=&#8221;4_4&#8243; _builder_version=&#8221;4.19.4&#8243; _module_preset=&#8221;default&#8221; global_colors_info=&#8221;{}&#8221;][et_pb_text admin_label=&#8221;T\u00edtol&#8221; module_class=&#8221;big-text&#8221; _builder_version=&#8221;4.19.4&#8243; _module_preset=&#8221;default&#8221; text_font=&#8221;||on||||||&#8221; text_text_color=&#8221;#FFFFFF&#8221; text_font_size=&#8221;65px&#8221; text_line_height=&#8221;1em&#8221; width=&#8221;100%&#8221; custom_margin=&#8221;||||false|false&#8221; custom_padding=&#8221;||72px|0px|false|false&#8221; custom_padding_tablet=&#8221;||0px||false|false&#8221; custom_padding_phone=&#8221;||0px||false|false&#8221; custom_padding_last_edited=&#8221;on|phone&#8221; text_font_size_tablet=&#8221;65px&#8221; text_font_size_phone=&#8221;30px&#8221; text_font_size_last_edited=&#8221;on|phone&#8221; locked=&#8221;off&#8221; global_colors_info=&#8221;{}&#8221;]<\/p>\n<p>ESTALVI I SALUT JUNTS<\/p>\n<p>[\/et_pb_text][\/et_pb_column][\/et_pb_row][et_pb_row column_structure=&#8221;2_5,3_5&#8243; make_equal=&#8221;on&#8221; _builder_version=&#8221;4.19.4&#8243; _module_preset=&#8221;default&#8221; global_colors_info=&#8221;{}&#8221;][et_pb_column type=&#8221;2_5&#8243; _builder_version=&#8221;4.19.4&#8243; _module_preset=&#8221;default&#8221; global_colors_info=&#8221;{}&#8221;][et_pb_image src=&#8221;https:\/\/www.aguafina.es\/wp-content\/uploads\/2022\/12\/planeta_illustracio_Mesa-de-trabajo-1.png&#8221; title_text=&#8221;planeta_illustracio_Mesa de trabajo 1&#8243; show_bottom_space=&#8221;off&#8221; _builder_version=&#8221;4.19.4&#8243; _module_preset=&#8221;default&#8221; global_colors_info=&#8221;{}&#8221;][\/et_pb_image][\/et_pb_column][et_pb_column type=&#8221;3_5&#8243; _builder_version=&#8221;4.19.4&#8243; _module_preset=&#8221;default&#8221; global_colors_info=&#8221;{}&#8221;][et_pb_text _builder_version=&#8221;4.21.0&#8243; _module_preset=&#8221;default&#8221; text_text_color=&#8221;#FFFFFF&#8221; text_font_size=&#8221;26px&#8221; text_line_height=&#8221;1.2em&#8221; text_orientation=&#8221;right&#8221; text_orientation_tablet=&#8221;left&#8221; text_orientation_phone=&#8221;left&#8221; text_orientation_last_edited=&#8221;on|phone&#8221; custom_css_main_element=&#8221;top: 50%;||transform: translateY(-50%);&#8221; global_colors_info=&#8221;{}&#8221; custom_css_main_element_last_edited=&#8221;on|phone&#8221; custom_css_main_element_phone=&#8221;top:0;||transform:none;&#8221; custom_css_main_element_tablet=&#8221;top: 50%;||transform: translateY(-50%);&#8221;]<\/p>\n<p><span>Les nostres fonts d&#8217;aigua filtrada s\u00f3n f\u00e0cils d&#8217;instal\u00b7lar. Nom\u00e9s necessites una presa de corrent i d&#8217;aigua, i podr\u00e0s gaudir d&#8217;aigua amb un excel\u00b7lent sabor en qualsevol moment. No ho dubtis m\u00e9s i contacta amb nosaltres per a demanar la teva font d&#8217;aigua filtrada. Et garantim la millor qualitat i el millor servei del mercat. No et penedir\u00e0s!<\/span><\/p>\n<p>[\/et_pb_text][\/et_pb_column][\/et_pb_row][\/et_pb_section][et_pb_section fb_built=&#8221;1&#8243; fullwidth=&#8221;on&#8221; admin_label=&#8221;Imatge Aixeta&#8221; _builder_version=&#8221;4.19.4&#8243; _module_preset=&#8221;default&#8221; custom_margin=&#8221;-1px|||||&#8221; collapsed=&#8221;off&#8221; global_colors_info=&#8221;{}&#8221;][et_pb_fullwidth_image src=&#8221;https:\/\/www.aguafina.es\/wp-content\/uploads\/2022\/12\/img_home_contingut.png&#8221; title_text=&#8221;img_home_contingut&#8221; _builder_version=&#8221;4.19.4&#8243; _module_preset=&#8221;default&#8221; custom_margin=&#8221;-7px|||||&#8221; custom_padding=&#8221;0px||7px|||&#8221; global_colors_info=&#8221;{}&#8221;][\/et_pb_fullwidth_image][\/et_pb_section][et_pb_section fb_built=&#8221;1&#8243; disabled_on=&#8221;off|off|off&#8221; admin_label=&#8221;Personalitzaci\u00f3 d&#8217;ampolles&#8221; _builder_version=&#8221;4.19.4&#8243; _module_preset=&#8221;default&#8221; locked=&#8221;off&#8221; collapsed=&#8221;on&#8221; global_colors_info=&#8221;{}&#8221;][et_pb_row column_structure=&#8221;1_2,1_2&#8243; make_equal=&#8221;on&#8221; admin_label=&#8221;Row&#8221; _builder_version=&#8221;4.19.4&#8243; _module_preset=&#8221;default&#8221; max_width_last_edited=&#8221;off|desktop&#8221; min_height=&#8221;100px&#8221; custom_margin=&#8221;||||false|false&#8221; custom_padding=&#8221;||||false|false&#8221; global_colors_info=&#8221;{}&#8221;][et_pb_column type=&#8221;1_2&#8243; _builder_version=&#8221;4.19.4&#8243; _module_preset=&#8221;default&#8221; custom_css_main_element=&#8221;  display: flex;||  flex-direction: column;||  flex-wrap: wrap;||  justify-content: center;&#8221; global_colors_info=&#8221;{}&#8221;][et_pb_text module_class=&#8221;big-text&#8221; _builder_version=&#8221;4.19.4&#8243; _module_preset=&#8221;default&#8221; text_font=&#8221;Open Sans||on|on|||||&#8221; text_text_color=&#8221;#51c0e0&#8243; text_font_size=&#8221;65px&#8221; text_line_height=&#8221;1.2em&#8221; text_font_size_tablet=&#8221;65px&#8221; text_font_size_phone=&#8221;30px&#8221; text_font_size_last_edited=&#8221;on|phone&#8221; custom_css_main_element=&#8221;flex: 1 0 1;&#8221; global_colors_info=&#8221;{}&#8221;]<\/p>\n<p>PERSONALITZACI\u00d3 D&#8217;AMPOLLES<\/p>\n<p>[\/et_pb_text][et_pb_text _builder_version=&#8221;4.21.0&#8243; _module_preset=&#8221;default&#8221; text_font=&#8221;Lato||||||||&#8221; text_text_color=&#8221;#a3a3a3&#8243; text_font_size=&#8221;26px&#8221; text_line_height=&#8221;1.2em&#8221; custom_css_main_element=&#8221;flex: 1 0 1;&#8221; global_colors_info=&#8221;{}&#8221;]<\/p>\n<p><span>Oferim la possibilitat de personalitzar les ampolles amb el disseny que tu tri\u00efs. Podem serigrafiar o gravar el teu logo, el teu nom, una frase o el que se t&#8217;acudeixi. Disposem de models amb diferents capacitats perqu\u00e8 trobis la que millor s&#8217;adapti a les teves necessitats.<\/span><\/p>\n<p><span>Les nostres ampolles personalitzades s\u00f3n ideals per a millorar la imatge del teu negoci.<\/span><\/p>\n<p>[\/et_pb_text][\/et_pb_column][et_pb_column type=&#8221;1_2&#8243; _builder_version=&#8221;4.19.4&#8243; _module_preset=&#8221;default&#8221; global_colors_info=&#8221;{}&#8221;][et_pb_image src=&#8221;https:\/\/www.aguafina.es\/wp-content\/uploads\/2022\/12\/ampolla_personalitzable-scaled.jpg&#8221; title_text=&#8221;ampolla_personalitzable&#8221; _builder_version=&#8221;4.23.4&#8243; _module_preset=&#8221;default&#8221; hover_enabled=&#8221;0&#8243; global_colors_info=&#8221;{}&#8221; border_radii=&#8221;on|100px|100px|100px|100px&#8221; sticky_enabled=&#8221;0&#8243;][\/et_pb_image][\/et_pb_column][\/et_pb_row][\/et_pb_section][et_pb_section fb_built=&#8221;1&#8243; admin_label=&#8221;Nom\u00e9s oferim el millor&#8221; _builder_version=&#8221;4.19.4&#8243; _module_preset=&#8221;default&#8221; background_color=&#8221;#51c0e0&#8243; locked=&#8221;off&#8221; collapsed=&#8221;on&#8221; global_colors_info=&#8221;{}&#8221;][et_pb_row column_structure=&#8221;1_2,1_2&#8243; _builder_version=&#8221;4.19.4&#8243; _module_preset=&#8221;default&#8221; global_colors_info=&#8221;{}&#8221;][et_pb_column type=&#8221;1_2&#8243; _builder_version=&#8221;4.19.4&#8243; _module_preset=&#8221;default&#8221; global_colors_info=&#8221;{}&#8221;][et_pb_image src=&#8221;https:\/\/www.aguafina.es\/wp-content\/uploads\/2022\/12\/img_home_noia.png&#8221; title_text=&#8221;img_home_noia&#8221; _builder_version=&#8221;4.23.4&#8243; _module_preset=&#8221;default&#8221; custom_margin=&#8221;||||false|false&#8221; custom_padding=&#8221;||||false|false&#8221; hover_enabled=&#8221;0&#8243; global_colors_info=&#8221;{}&#8221; border_radii=&#8221;on|100px|100px|100px|100px&#8221; sticky_enabled=&#8221;0&#8243;][\/et_pb_image][\/et_pb_column][et_pb_column type=&#8221;1_2&#8243; _builder_version=&#8221;4.19.4&#8243; _module_preset=&#8221;default&#8221; global_colors_info=&#8221;{}&#8221;][et_pb_text module_class=&#8221;big-text&#8221; _builder_version=&#8221;4.21.0&#8243; _module_preset=&#8221;default&#8221; text_text_color=&#8221;#FFFFFF&#8221; text_font_size=&#8221;65px&#8221; text_line_height=&#8221;1.2em&#8221; max_width=&#8221;100%&#8221; custom_margin=&#8221;||||false|false&#8221; custom_padding=&#8221;|0px|||false|false&#8221; text_font_size_tablet=&#8221;65px&#8221; text_font_size_phone=&#8221;30px&#8221; text_font_size_last_edited=&#8221;on|phone&#8221; global_colors_info=&#8221;{}&#8221;]<\/p>\n<p><em>NOM\u00c8S OFERIM <\/em><em>EL MILLOR<\/em><\/p>\n<p>[\/et_pb_text][et_pb_text _builder_version=&#8221;4.21.0&#8243; _module_preset=&#8221;default&#8221; text_font_size=&#8221;26px&#8221; text_line_height=&#8221;1.2em&#8221; global_colors_info=&#8221;{}&#8221;]<\/p>\n<p><span style=\"color: #ffffff;\">Per a nosaltres la teva satisfacci\u00f3 \u00e9s el m\u00e9s important, per aix\u00f2 nom\u00e9s venem productes i instal\u00b7lem recanvis de primeres marques. <\/span><br \/><span style=\"color: #ffffff;\">La multinacional General Electric est\u00e0 reconeguda entre les 100 millors empreses del m\u00f3n, mentre que Electrolux \u00e9s una companyia de prestigi internacional que ven m\u00e9s de 50 milions de productes cada any.<\/span><\/p>\n<p>[\/et_pb_text][\/et_pb_column][\/et_pb_row][\/et_pb_section][et_pb_section fb_built=&#8221;1&#8243; fullwidth=&#8221;on&#8221; disabled_on=&#8221;on|off|off&#8221; admin_label=&#8221;Servei T\u00e8cnic DK TB&#8221; _builder_version=&#8221;4.19.4&#8243; _module_preset=&#8221;default&#8221; locked=&#8221;off&#8221; collapsed=&#8221;on&#8221; global_colors_info=&#8221;{}&#8221;][et_pb_fullwidth_header title=&#8221;Servei T\u00e8cnic&#8221; header_fullscreen=&#8221;on&#8221; module_id=&#8221;servei-tecnic-dk&#8221; module_class=&#8221;big-text&#8221; _builder_version=&#8221;4.19.4&#8243; _module_preset=&#8221;default&#8221; title_level=&#8221;h2&#8243; title_font=&#8221;Open Sans||on|on|||||&#8221; title_text_align=&#8221;left&#8221; title_text_color=&#8221;#51c0e0&#8243; title_font_size=&#8221;65px&#8221; title_line_height=&#8221;1.2em&#8221; background_color=&#8221;#FFFFFF&#8221; background_image=&#8221;https:\/\/www.aguafina.es\/wp-content\/uploads\/2022\/12\/home_servei_tecnic.png&#8221; background_position=&#8221;bottom_center&#8221; title_text_align_tablet=&#8221;left&#8221; title_text_align_phone=&#8221;center&#8221; title_text_align_last_edited=&#8221;on|phone&#8221; title_font_size_tablet=&#8221;65px&#8221; title_font_size_phone=&#8221;30px&#8221; title_font_size_last_edited=&#8221;on|phone&#8221; global_colors_info=&#8221;{}&#8221;][\/et_pb_fullwidth_header][\/et_pb_section][et_pb_section fb_built=&#8221;1&#8243; admin_label=&#8221;Att. Client&#8221; module_id=&#8221;att-client-home-dk&#8221; _builder_version=&#8221;4.19.4&#8243; _module_preset=&#8221;default&#8221; background_color=&#8221;#50bee0&#8243; custom_padding=&#8221;18px||18px||true|&#8221; locked=&#8221;off&#8221; collapsed=&#8221;on&#8221; global_colors_info=&#8221;{}&#8221;][et_pb_row _builder_version=&#8221;4.19.4&#8243; _module_preset=&#8221;default&#8221; width=&#8221;90%&#8221; custom_margin=&#8221;|auto|||false|false&#8221; custom_padding=&#8221;|||0px|false|false&#8221; global_colors_info=&#8221;{}&#8221;][et_pb_column type=&#8221;4_4&#8243; _builder_version=&#8221;4.19.3&#8243; _module_preset=&#8221;default&#8221; global_colors_info=&#8221;{}&#8221;][et_pb_text content_tablet=&#8221;<span>At. al Client: <a href=%22tel:902195684%22>902 195 684<\/a><\/span><span>Assist\u00e8ncia T\u00e8cnica: <a href=%22tel:935722800%22>93 572 28 00<\/a><\/span>&#8221; content_phone=&#8221;<span>At. al Client: <a href=%22tel:902195684%22>902 195 684<\/a><\/span><span>Assist\u00e8ncia T\u00e8cnica: <a href=%22tel:935722800%22>93 572 28 00<\/a><\/span>&#8221; content_last_edited=&#8221;on|phone&#8221; _builder_version=&#8221;4.19.4&#8243; _module_preset=&#8221;default&#8221; text_font=&#8221;Lato||||||||&#8221; text_text_color=&#8221;#ffffff&#8221; text_font_size=&#8221;35px&#8221; text_line_height=&#8221;1em&#8221; link_font=&#8221;Lato||||||||&#8221; link_text_color=&#8221;#FFFFFF&#8221; max_width=&#8221;100%&#8221; custom_margin=&#8221;||||false|false&#8221; custom_padding=&#8221;||||false|false&#8221; text_font_size_tablet=&#8221;35px&#8221; text_font_size_phone=&#8221;30px&#8221; text_font_size_last_edited=&#8221;on|phone&#8221; text_orientation_tablet=&#8221;center&#8221; text_orientation_phone=&#8221;center&#8221; text_orientation_last_edited=&#8221;on|phone&#8221; border_style_bottom=&#8221;none&#8221; global_colors_info=&#8221;{}&#8221;]At. al Client: <a href=\"tel:902195684\">902 195 684<\/a> | Assist\u00e8ncia T\u00e8cnica: <a href=\"tel:935722800\">93 572 28 00<\/a>[\/et_pb_text][\/et_pb_column][\/et_pb_row][\/et_pb_section][et_pb_section fb_built=&#8221;1&#8243; fullwidth=&#8221;on&#8221; admin_label=&#8221;Cuidem els oceans comen\u00e7ant des de casa&#8221; _builder_version=&#8221;4.19.4&#8243; _module_preset=&#8221;default&#8221; locked=&#8221;off&#8221; collapsed=&#8221;off&#8221; global_colors_info=&#8221;{}&#8221;][et_pb_fullwidth_header title=&#8221; Cuidem els oceans comen\u00e7ant des de casa&#8221; subhead=&#8221;Evita el pl\u00e0stic&#8221; header_fullscreen=&#8221;on&#8221; admin_label=&#8221;T\u00edtulo de anchura completa&#8221; module_id=&#8221;evita-plastic-dk&#8221; module_class=&#8221;big-text&#8221; _builder_version=&#8221;4.21.0&#8243; _module_preset=&#8221;default&#8221; title_level=&#8221;h2&#8243; title_font=&#8221;Open Sans||on||||||&#8221; title_font_size=&#8221;65px&#8221; title_line_height=&#8221;1.2em&#8221; subhead_font=&#8221;Open Sans||on||on||||&#8221; subhead_font_size=&#8221;65px&#8221; subhead_line_height=&#8221;1.2em&#8221; background_image=&#8221;https:\/\/www.aguafina.es\/wp-content\/uploads\/2022\/12\/img_home_final.png&#8221; title_text_align_tablet=&#8221;&#8221; title_text_align_phone=&#8221;center&#8221; title_text_align_last_edited=&#8221;on|phone&#8221; title_font_size_tablet=&#8221;65px&#8221; title_font_size_phone=&#8221;30px&#8221; title_font_size_last_edited=&#8221;on|desktop&#8221; subhead_text_align_tablet=&#8221;&#8221; subhead_text_align_phone=&#8221;center&#8221; subhead_text_align_last_edited=&#8221;on|phone&#8221; subhead_font_size_tablet=&#8221;65px&#8221; subhead_font_size_phone=&#8221;30px&#8221; subhead_font_size_last_edited=&#8221;on|phone&#8221; global_colors_info=&#8221;{}&#8221;][\/et_pb_fullwidth_header][\/et_pb_section]<\/p>\n","protected":false},"excerpt":{"rendered":"<p>Som General Water Systems, el distribuidor oficial a Espanya de General Electric Smartwater en la divisi\u00f3 de tractament d&#8217;aigua des de l&#8217;any 2000.Aquest fet ens defineix com una empresa orientada a la qualitat i la innovaci\u00f3 cont\u00ednua. Fruit d&#8217;aquesta filosofia, desenvolupem i incorporem constantment nous productes, com el descalcificador Electrolux18L o N\u00e1yade, una osmosi petita [&hellip;]<\/p>\n","protected":false},"author":2,"featured_media":0,"parent":0,"menu_order":0,"comment_status":"closed","ping_status":"closed","template":"","meta":{"_et_pb_use_builder":"on","_et_pb_old_content":"","_et_gb_content_width":"","footnotes":""},"class_list":["post-42","page","type-page","status-publish","hentry"],"yoast_head":"<!-- This site is optimized with the Yoast SEO plugin v27.4 - https:\/\/yoast.com\/product\/yoast-seo-wordpress\/ -->\n<title>Home - Aguafina<\/title>\n<meta name=\"robots\" content=\"index, follow, max-snippet:-1, max-image-preview:large, max-video-preview:-1\" \/>\n<link rel=\"canonical\" href=\"https:\/\/www.aguafina.es\/ca\/\" \/>\n<meta property=\"og:locale\" content=\"ca_ES\" \/>\n<meta property=\"og:type\" content=\"article\" \/>\n<meta property=\"og:title\" content=\"Home - Aguafina\" \/>\n<meta property=\"og:description\" content=\"Som General Water Systems, el distribuidor oficial a Espanya de General Electric Smartwater en la divisi\u00f3 de tractament d&#039;aigua des de l&#039;any 2000.Aquest fet ens defineix com una empresa orientada a la qualitat i la innovaci\u00f3 cont\u00ednua. Fruit d&#039;aquesta filosofia, desenvolupem i incorporem constantment nous productes, com el descalcificador Electrolux18L o N\u00e1yade, una osmosi petita [&hellip;]\" \/>\n<meta property=\"og:url\" content=\"https:\/\/www.aguafina.es\/ca\/\" \/>\n<meta property=\"og:site_name\" content=\"Aguafina\" \/>\n<meta property=\"article:modified_time\" content=\"2024-05-08T08:02:56+00:00\" \/>\n<meta property=\"og:image\" content=\"https:\/\/www.aguafina.es\/wp-content\/uploads\/2022\/12\/img_home_contingut-1024x575.png\" \/>\n\t<meta property=\"og:image:width\" content=\"1024\" \/>\n\t<meta property=\"og:image:height\" content=\"575\" \/>\n\t<meta property=\"og:image:type\" content=\"image\/png\" \/>\n<meta name=\"twitter:card\" content=\"summary_large_image\" \/>\n<script type=\"application\/ld+json\" class=\"yoast-schema-graph\">{\"@context\":\"https:\\\/\\\/schema.org\",\"@graph\":[{\"@type\":\"WebPage\",\"@id\":\"https:\\\/\\\/www.aguafina.es\\\/ca\\\/\",\"url\":\"https:\\\/\\\/www.aguafina.es\\\/ca\\\/\",\"name\":\"Home - Aguafina\",\"isPartOf\":{\"@id\":\"https:\\\/\\\/www.aguafina.es\\\/#website\"},\"datePublished\":\"2022-12-15T09:51:43+00:00\",\"dateModified\":\"2024-05-08T08:02:56+00:00\",\"breadcrumb\":{\"@id\":\"https:\\\/\\\/www.aguafina.es\\\/ca\\\/#breadcrumb\"},\"inLanguage\":\"ca\",\"potentialAction\":[{\"@type\":\"ReadAction\",\"target\":[\"https:\\\/\\\/www.aguafina.es\\\/ca\\\/\"]}]},{\"@type\":\"BreadcrumbList\",\"@id\":\"https:\\\/\\\/www.aguafina.es\\\/ca\\\/#breadcrumb\",\"itemListElement\":[{\"@type\":\"ListItem\",\"position\":1,\"name\":\"Inici\",\"item\":\"https:\\\/\\\/www.aguafina.es\\\/ca\\\/\"},{\"@type\":\"ListItem\",\"position\":2,\"name\":\"Home\"}]},{\"@type\":\"WebSite\",\"@id\":\"https:\\\/\\\/www.aguafina.es\\\/#website\",\"url\":\"https:\\\/\\\/www.aguafina.es\\\/\",\"name\":\"Aguafina\",\"description\":\"Agua para profesionales\",\"publisher\":{\"@id\":\"https:\\\/\\\/www.aguafina.es\\\/#organization\"},\"alternateName\":\"Agua filtrada restaurantes\",\"potentialAction\":[{\"@type\":\"SearchAction\",\"target\":{\"@type\":\"EntryPoint\",\"urlTemplate\":\"https:\\\/\\\/www.aguafina.es\\\/?s={search_term_string}\"},\"query-input\":{\"@type\":\"PropertyValueSpecification\",\"valueRequired\":true,\"valueName\":\"search_term_string\"}}],\"inLanguage\":\"ca\"},{\"@type\":\"Organization\",\"@id\":\"https:\\\/\\\/www.aguafina.es\\\/#organization\",\"name\":\"Aguafina\",\"alternateName\":\"Aguafina\",\"url\":\"https:\\\/\\\/www.aguafina.es\\\/\",\"logo\":{\"@type\":\"ImageObject\",\"inLanguage\":\"ca\",\"@id\":\"https:\\\/\\\/www.aguafina.es\\\/#\\\/schema\\\/logo\\\/image\\\/\",\"url\":\"https:\\\/\\\/www.aguafina.es\\\/wp-content\\\/uploads\\\/2022\\\/12\\\/logo_aguafina-1.png\",\"contentUrl\":\"https:\\\/\\\/www.aguafina.es\\\/wp-content\\\/uploads\\\/2022\\\/12\\\/logo_aguafina-1.png\",\"width\":627,\"height\":284,\"caption\":\"Aguafina\"},\"image\":{\"@id\":\"https:\\\/\\\/www.aguafina.es\\\/#\\\/schema\\\/logo\\\/image\\\/\"}}]}<\/script>\n<!-- \/ Yoast SEO plugin. -->","yoast_head_json":{"title":"Home - Aguafina","robots":{"index":"index","follow":"follow","max-snippet":"max-snippet:-1","max-image-preview":"max-image-preview:large","max-video-preview":"max-video-preview:-1"},"canonical":"https:\/\/www.aguafina.es\/ca\/","og_locale":"ca_ES","og_type":"article","og_title":"Home - Aguafina","og_description":"Som General Water Systems, el distribuidor oficial a Espanya de General Electric Smartwater en la divisi\u00f3 de tractament d'aigua des de l'any 2000.Aquest fet ens defineix com una empresa orientada a la qualitat i la innovaci\u00f3 cont\u00ednua. Fruit d'aquesta filosofia, desenvolupem i incorporem constantment nous productes, com el descalcificador Electrolux18L o N\u00e1yade, una osmosi petita [&hellip;]","og_url":"https:\/\/www.aguafina.es\/ca\/","og_site_name":"Aguafina","article_modified_time":"2024-05-08T08:02:56+00:00","og_image":[{"width":1024,"height":575,"url":"https:\/\/www.aguafina.es\/wp-content\/uploads\/2022\/12\/img_home_contingut-1024x575.png","type":"image\/png"}],"twitter_card":"summary_large_image","schema":{"@context":"https:\/\/schema.org","@graph":[{"@type":"WebPage","@id":"https:\/\/www.aguafina.es\/ca\/","url":"https:\/\/www.aguafina.es\/ca\/","name":"Home - Aguafina","isPartOf":{"@id":"https:\/\/www.aguafina.es\/#website"},"datePublished":"2022-12-15T09:51:43+00:00","dateModified":"2024-05-08T08:02:56+00:00","breadcrumb":{"@id":"https:\/\/www.aguafina.es\/ca\/#breadcrumb"},"inLanguage":"ca","potentialAction":[{"@type":"ReadAction","target":["https:\/\/www.aguafina.es\/ca\/"]}]},{"@type":"BreadcrumbList","@id":"https:\/\/www.aguafina.es\/ca\/#breadcrumb","itemListElement":[{"@type":"ListItem","position":1,"name":"Inici","item":"https:\/\/www.aguafina.es\/ca\/"},{"@type":"ListItem","position":2,"name":"Home"}]},{"@type":"WebSite","@id":"https:\/\/www.aguafina.es\/#website","url":"https:\/\/www.aguafina.es\/","name":"Aguafina","description":"Agua para profesionales","publisher":{"@id":"https:\/\/www.aguafina.es\/#organization"},"alternateName":"Agua filtrada restaurantes","potentialAction":[{"@type":"SearchAction","target":{"@type":"EntryPoint","urlTemplate":"https:\/\/www.aguafina.es\/?s={search_term_string}"},"query-input":{"@type":"PropertyValueSpecification","valueRequired":true,"valueName":"search_term_string"}}],"inLanguage":"ca"},{"@type":"Organization","@id":"https:\/\/www.aguafina.es\/#organization","name":"Aguafina","alternateName":"Aguafina","url":"https:\/\/www.aguafina.es\/","logo":{"@type":"ImageObject","inLanguage":"ca","@id":"https:\/\/www.aguafina.es\/#\/schema\/logo\/image\/","url":"https:\/\/www.aguafina.es\/wp-content\/uploads\/2022\/12\/logo_aguafina-1.png","contentUrl":"https:\/\/www.aguafina.es\/wp-content\/uploads\/2022\/12\/logo_aguafina-1.png","width":627,"height":284,"caption":"Aguafina"},"image":{"@id":"https:\/\/www.aguafina.es\/#\/schema\/logo\/image\/"}}]}},"_links":{"self":[{"href":"https:\/\/www.aguafina.es\/ca\/wp-json\/wp\/v2\/pages\/42","targetHints":{"allow":["GET"]}}],"collection":[{"href":"https:\/\/www.aguafina.es\/ca\/wp-json\/wp\/v2\/pages"}],"about":[{"href":"https:\/\/www.aguafina.es\/ca\/wp-json\/wp\/v2\/types\/page"}],"author":[{"embeddable":true,"href":"https:\/\/www.aguafina.es\/ca\/wp-json\/wp\/v2\/users\/2"}],"replies":[{"embeddable":true,"href":"https:\/\/www.aguafina.es\/ca\/wp-json\/wp\/v2\/comments?post=42"}],"version-history":[{"count":101,"href":"https:\/\/www.aguafina.es\/ca\/wp-json\/wp\/v2\/pages\/42\/revisions"}],"predecessor-version":[{"id":844,"href":"https:\/\/www.aguafina.es\/ca\/wp-json\/wp\/v2\/pages\/42\/revisions\/844"}],"wp:attachment":[{"href":"https:\/\/www.aguafina.es\/ca\/wp-json\/wp\/v2\/media?parent=42"}],"curies":[{"name":"wp","href":"https:\/\/api.w.org\/{rel}","templated":true}]}}