{"id":175,"date":"2022-12-27T12:13:51","date_gmt":"2022-12-27T11:13:51","guid":{"rendered":"https:\/\/www.aguafina.es\/?page_id=175"},"modified":"2024-05-14T11:27:04","modified_gmt":"2024-05-14T09:27:04","slug":"contacte","status":"publish","type":"page","link":"https:\/\/www.aguafina.es\/ca\/contacte\/","title":{"rendered":"Contacte"},"content":{"rendered":"<p>[et_pb_section fb_built=&#8221;1&#8243; fullwidth=&#8221;on&#8221; module_id=&#8221;banner-contacte-dk&#8221; _builder_version=&#8221;4.19.4&#8243; _module_preset=&#8221;default&#8221; bottom_divider_style=&#8221;ramp&#8221; bottom_divider_color=&#8221;#FFFFFF&#8221; bottom_divider_height=&#8221;150px&#8221; bottom_divider_repeat=&#8221;1x&#8221; bottom_divider_flip=&#8221;horizontal&#8221; bottom_divider_height_tablet=&#8221;100px&#8221; bottom_divider_height_phone=&#8221;50px&#8221; bottom_divider_height_last_edited=&#8221;on|phone&#8221; locked=&#8221;off&#8221; global_colors_info=&#8221;{}&#8221;][et_pb_fullwidth_header title=&#8221;Contacte&#8221; header_fullscreen=&#8221;on&#8221; module_class=&#8221;big-text&#8221; _builder_version=&#8221;4.19.4&#8243; _module_preset=&#8221;default&#8221; title_font=&#8221;Open Sans|||on|||||&#8221; title_text_align=&#8221;left&#8221; title_font_size=&#8221;65px&#8221; background_image=&#8221;https:\/\/www.aguafina.es\/wp-content\/uploads\/2022\/12\/img_principal_contacte.png&#8221; title_text_align_tablet=&#8221;left&#8221; title_text_align_phone=&#8221;center&#8221; title_text_align_last_edited=&#8221;on|phone&#8221; title_font_size_tablet=&#8221;65px&#8221; title_font_size_phone=&#8221;38px&#8221; title_font_size_last_edited=&#8221;on|phone&#8221; global_colors_info=&#8221;{}&#8221;][\/et_pb_fullwidth_header][\/et_pb_section][et_pb_section fb_built=&#8221;1&#8243; _builder_version=&#8221;4.19.4&#8243; _module_preset=&#8221;default&#8221; custom_margin=&#8221;||-2px|||&#8221; custom_padding=&#8221;||54px|||&#8221; global_colors_info=&#8221;{}&#8221;][et_pb_row _builder_version=&#8221;4.19.4&#8243; _module_preset=&#8221;default&#8221; custom_margin=&#8221;||||false|false&#8221; locked=&#8221;off&#8221; global_colors_info=&#8221;{}&#8221;][et_pb_column type=&#8221;4_4&#8243; _builder_version=&#8221;4.19.4&#8243; _module_preset=&#8221;default&#8221; global_colors_info=&#8221;{}&#8221;][et_pb_text content_tablet=&#8221;<\/p>\n<h1>Formulari de contacte:<\/h1>\n<p>&#8221; content_phone=&#8221;<\/p>\n<h1>Formulari de contacte:<\/h1>\n<p>&#8221; content_last_edited=&#8221;off|phone&#8221; _builder_version=&#8221;4.19.4&#8243; _module_preset=&#8221;default&#8221; text_font=&#8221;Lato|||on|||||&#8221; text_text_color=&#8221;#9d9d9c&#8221; text_font_size=&#8221;30px&#8221; text_line_height=&#8221;1em&#8221; header_text_color=&#8221;#9d9d9c&#8221; header_font_size=&#8221;70px&#8221; width=&#8221;100%&#8221; min_height=&#8221;75px&#8221; custom_margin=&#8221;||||false|false&#8221; custom_padding=&#8221;||0px|||&#8221; global_colors_info=&#8221;{}&#8221;]<\/p>\n<p>Formulari de contacte:<\/p>\n<p>[\/et_pb_text][\/et_pb_column][\/et_pb_row][et_pb_row column_structure=&#8221;1_2,1_2&#8243; _builder_version=&#8221;4.19.4&#8243; _module_preset=&#8221;default&#8221; custom_margin=&#8221;||||false|false&#8221; global_colors_info=&#8221;{}&#8221;][et_pb_column type=&#8221;1_2&#8243; _builder_version=&#8221;4.19.4&#8243; _module_preset=&#8221;default&#8221; global_colors_info=&#8221;{}&#8221;][et_pb_contact_form custom_message=&#8221;Nom: %%Nom%%||et_pb_line_break_holder||Email: %%Email%%||et_pb_line_break_holder||Tel\u00e8fon: %%Telefon%%||et_pb_line_break_holder||Missatge: %%Message%%||et_pb_line_break_holder||Tractament de dades: %%tratamiento-datos%%||et_pb_line_break_holder||Promocions: %%promociones%%||et_pb_line_break_holder||&#8212;&#8212;&#8212;-||et_pb_line_break_holder||Delegaci\u00f3: %%delegacio%%&#8221; submit_button_text=&#8221;Enviar&#8221; module_id=&#8221;contecte_formulari&#8221; _builder_version=&#8221;4.25.1&#8243; _module_preset=&#8221;default&#8221; _unique_id=&#8221;36395060-8a08-4e2f-90a6-78b9551e2feb&#8221; form_field_background_color=&#8221;RGBA(255,255,255,0)&#8221; form_field_text_color=&#8221;#9d9d9d&#8221; form_field_focus_background_color=&#8221;RGBA(255,255,255,0)&#8221; form_field_font=&#8221;Open Sans||||||||&#8221; custom_button=&#8221;on&#8221; button_text_color=&#8221;#FFFFFF&#8221; button_bg_color=&#8221;#51c1e1&#8243; button_font=&#8221;|||on|||||&#8221; hover_enabled=&#8221;0&#8243; use_conditional_emails=&#8221;on&#8221; conditional_email_pattern=&#8221;delegacio::Catalunya o Balears:leads@generalwater.es|Andorra:leads2@generalwater.es&#8221; border_width_bottom=&#8221;1px&#8221; border_color_bottom=&#8221;#9c9c9c&#8221; global_colors_info=&#8221;{}&#8221; submit_button_text__hover_enabled=&#8221;off|desktop&#8221; success_message=&#8221;<\/p>\n<p>Missatge enviat! Ens posarem en contacte amb vost\u00e8 el m\u00e9s aviat possible.<\/p>\n<p>&#8221; sticky_enabled=&#8221;0&#8243;][et_pb_contact_field field_id=&#8221;Nom&#8221; field_title=&#8221;Nom&#8221; fullwidth_field=&#8221;on&#8221; _builder_version=&#8221;4.19.4&#8243; global_colors_info=&#8221;{}&#8221; button_text_size__hover_enabled=&#8221;off&#8221; button_one_text_size__hover_enabled=&#8221;off&#8221; button_two_text_size__hover_enabled=&#8221;off&#8221; button_text_color__hover_enabled=&#8221;off&#8221; button_one_text_color__hover_enabled=&#8221;off&#8221; button_two_text_color__hover_enabled=&#8221;off&#8221; button_border_width__hover_enabled=&#8221;off&#8221; button_one_border_width__hover_enabled=&#8221;off&#8221; button_two_border_width__hover_enabled=&#8221;off&#8221; button_border_color__hover_enabled=&#8221;off&#8221; button_one_border_color__hover_enabled=&#8221;off&#8221; button_two_border_color__hover_enabled=&#8221;off&#8221; button_border_radius__hover_enabled=&#8221;off&#8221; button_one_border_radius__hover_enabled=&#8221;off&#8221; button_two_border_radius__hover_enabled=&#8221;off&#8221; button_letter_spacing__hover_enabled=&#8221;off&#8221; button_one_letter_spacing__hover_enabled=&#8221;off&#8221; button_two_letter_spacing__hover_enabled=&#8221;off&#8221; button_bg_color__hover_enabled=&#8221;off&#8221; button_one_bg_color__hover_enabled=&#8221;off&#8221; button_two_bg_color__hover_enabled=&#8221;off&#8221;][\/et_pb_contact_field][et_pb_contact_field field_id=&#8221;Email&#8221; field_title=&#8221;Email&#8221; field_type=&#8221;email&#8221; fullwidth_field=&#8221;on&#8221; _builder_version=&#8221;4.19.4&#8243; global_colors_info=&#8221;{}&#8221; button_text_size__hover_enabled=&#8221;off&#8221; button_one_text_size__hover_enabled=&#8221;off&#8221; button_two_text_size__hover_enabled=&#8221;off&#8221; button_text_color__hover_enabled=&#8221;off&#8221; button_one_text_color__hover_enabled=&#8221;off&#8221; button_two_text_color__hover_enabled=&#8221;off&#8221; button_border_width__hover_enabled=&#8221;off&#8221; button_one_border_width__hover_enabled=&#8221;off&#8221; button_two_border_width__hover_enabled=&#8221;off&#8221; button_border_color__hover_enabled=&#8221;off&#8221; button_one_border_color__hover_enabled=&#8221;off&#8221; button_two_border_color__hover_enabled=&#8221;off&#8221; button_border_radius__hover_enabled=&#8221;off&#8221; button_one_border_radius__hover_enabled=&#8221;off&#8221; button_two_border_radius__hover_enabled=&#8221;off&#8221; button_letter_spacing__hover_enabled=&#8221;off&#8221; button_one_letter_spacing__hover_enabled=&#8221;off&#8221; button_two_letter_spacing__hover_enabled=&#8221;off&#8221; button_bg_color__hover_enabled=&#8221;off&#8221; button_one_bg_color__hover_enabled=&#8221;off&#8221; button_two_bg_color__hover_enabled=&#8221;off&#8221;][\/et_pb_contact_field][et_pb_contact_field field_id=&#8221;Telefon&#8221; field_title=&#8221;Tel\u00e8fon&#8221; required_mark=&#8221;off&#8221; fullwidth_field=&#8221;on&#8221; _builder_version=&#8221;4.19.4&#8243; _module_preset=&#8221;default&#8221; global_colors_info=&#8221;{}&#8221;][\/et_pb_contact_field][et_pb_contact_field field_id=&#8221;delegacio&#8221; field_title=&#8221;Selecciona delegaci\u00f3&#8221; field_type=&#8221;radio&#8221; radio_options=&#8221;%91{%22value%22:%22Catalunya o Balears%22,%22checked%22:1,%22dragID%22:-1},{%22value%22:%22Andorra%22,%22checked%22:0,%22dragID%22:0}%93&#8243; fullwidth_field=&#8221;on&#8221; _builder_version=&#8221;4.25.1&#8243; _module_preset=&#8221;default&#8221; form_field_background_color=&#8221;#85d4ea&#8221; global_colors_info=&#8221;{}&#8221;][\/et_pb_contact_field][et_pb_contact_field field_id=&#8221;Message&#8221; field_title=&#8221;Missatge&#8221; field_type=&#8221;text&#8221; fullwidth_field=&#8221;on&#8221; _builder_version=&#8221;4.19.4&#8243; global_colors_info=&#8221;{}&#8221; button_text_size__hover_enabled=&#8221;off&#8221; button_one_text_size__hover_enabled=&#8221;off&#8221; button_two_text_size__hover_enabled=&#8221;off&#8221; button_text_color__hover_enabled=&#8221;off&#8221; button_one_text_color__hover_enabled=&#8221;off&#8221; button_two_text_color__hover_enabled=&#8221;off&#8221; button_border_width__hover_enabled=&#8221;off&#8221; button_one_border_width__hover_enabled=&#8221;off&#8221; button_two_border_width__hover_enabled=&#8221;off&#8221; button_border_color__hover_enabled=&#8221;off&#8221; button_one_border_color__hover_enabled=&#8221;off&#8221; button_two_border_color__hover_enabled=&#8221;off&#8221; button_border_radius__hover_enabled=&#8221;off&#8221; button_one_border_radius__hover_enabled=&#8221;off&#8221; button_two_border_radius__hover_enabled=&#8221;off&#8221; button_letter_spacing__hover_enabled=&#8221;off&#8221; button_one_letter_spacing__hover_enabled=&#8221;off&#8221; button_two_letter_spacing__hover_enabled=&#8221;off&#8221; button_bg_color__hover_enabled=&#8221;off&#8221; button_one_bg_color__hover_enabled=&#8221;off&#8221; button_two_bg_color__hover_enabled=&#8221;off&#8221;][\/et_pb_contact_field][et_pb_contact_field field_id=&#8221;tratamiento-datos&#8221; field_type=&#8221;checkbox&#8221; checkbox_options=&#8221;%91{%22value%22:%22Accepto el tractament de les meves dades per les finalitats indicades%22,%22checked%22:0,%22dragID%22:-1}%93&#8243; fullwidth_field=&#8221;on&#8221; _builder_version=&#8221;4.19.4&#8243; _module_preset=&#8221;default&#8221; global_colors_info=&#8221;{}&#8221;][\/et_pb_contact_field][et_pb_contact_field field_id=&#8221;promociones&#8221; field_type=&#8221;checkbox&#8221; checkbox_options=&#8221;%91{%22value%22:%22Autoritzo que m&#8217;env\u00efin promocions d&#8217;inter\u00e8s relacionades amb els seus productes%22,%22checked%22:0,%22dragID%22:-1}%93&#8243; required_mark=&#8221;off&#8221; fullwidth_field=&#8221;on&#8221; _builder_version=&#8221;4.19.4&#8243; _module_preset=&#8221;default&#8221; global_colors_info=&#8221;{}&#8221;][\/et_pb_contact_field][\/et_pb_contact_form][et_pb_code _builder_version=&#8221;4.19.4&#8243; _module_preset=&#8221;default&#8221; global_colors_info=&#8221;{}&#8221;]<\/p>\n<div id=\"data_info_wrapper\">\n<div id=\"data_info\"> <pee class=\"head\"><strong>INFORMACI\u00d3 B\u00c0SICA SOBRE PROTECCI\u00d3 DE DADES<\/strong><\/pee>\n<ul>\n<li> <strong>Responsable:<\/strong> *GENERAL WATER SYSTEMS,SL <\/li>\n<li> <strong>Finalitats:<\/strong> *Gestionar l&#8217;enviament d&#8217;informaci\u00f3 que ens sol\u00b7licita <\/li>\n<li> <strong>Legitimaci\u00f3<\/strong> *Consentiment de l&#8217;interessat <\/li>\n<li> <strong>Destinataris:<\/strong> *Les seves dades no es cediran a tercers excepte en el cas d&#8217;obligaci\u00f3 legal <\/li>\n<li> <strong>Drets de l&#8217;interessat:<\/strong> *A accedir, oposar-se, rectificar i que s&#8217;esborrin les seves dades, aix\u00ed com olios drets com s&#8217;explica en l&#8217;informaci\u00f3 addicional <\/li>\n<\/ul>\n<pee>*Pot accedir a informaci\u00f3 addicional i ampliada en aquest enlla\u00e7 <a target=\"_blank\" href=\"\/proteccion-de-datos\/\" rel=\"noopener noreferrer\">+info sobre protecci\u00f3 de dades<\/a> <\/pee> <\/div>\n<\/p><\/div>\n<p>[\/et_pb_code][et_pb_code _builder_version=&#8221;4.19.4&#8243; _module_preset=&#8221;default&#8221; global_colors_info=&#8221;{}&#8221;]<script><!-- [et_pb_line_break_holder] -->jQuery(document).ready(function(){<!-- [et_pb_line_break_holder] -->jQuery(\"#data_info_wrapper\").insertBefore(\"p[data-id=tratamiento-datos]\");<!-- [et_pb_line_break_holder] -->});<!-- [et_pb_line_break_holder] --><\/script>[\/et_pb_code][\/et_pb_column][et_pb_column type=&#8221;1_2&#8243; _builder_version=&#8221;4.19.4&#8243; _module_preset=&#8221;default&#8221; global_colors_info=&#8221;{}&#8221;][et_pb_image src=&#8221;https:\/\/www.aguafina.es\/wp-content\/uploads\/2024\/05\/mapa-tot-blau-cat-bordes.png&#8221; title_text=&#8221;mapa tot blau cat bordes&#8221; _builder_version=&#8221;4.23.4&#8243; _module_preset=&#8221;default&#8221; custom_margin=&#8221;||||false|false&#8221; custom_padding=&#8221;||||false|false&#8221; global_colors_info=&#8221;{}&#8221;][\/et_pb_image][et_pb_text _builder_version=&#8221;4.23.4&#8243; _module_preset=&#8221;default&#8221; text_font=&#8221;Lato|700|||||||&#8221; text_font_size=&#8221;21px&#8221; header_font_size=&#8221;19px&#8221; text_orientation=&#8221;center&#8221; max_width=&#8221;500px&#8221; module_alignment=&#8221;center&#8221; custom_margin=&#8221;||||false|false&#8221; custom_padding=&#8221;||||false|false&#8221; border_radii=&#8221;off||||&#8221; global_colors_info=&#8221;{}&#8221;]<\/p>\n<p>Seu Central Barcelona | Delegacions Girona, Tarragona, Andorra i Illes Balears<\/p>\n<p>[\/et_pb_text][et_pb_divider color=&#8221;#000000&#8243; divider_weight=&#8221;2px&#8221; _builder_version=&#8221;4.19.4&#8243; _module_preset=&#8221;default&#8221; global_colors_info=&#8221;{}&#8221;][\/et_pb_divider][et_pb_text _builder_version=&#8221;4.19.4&#8243; _module_preset=&#8221;default&#8221; text_font=&#8221;Lato||||||||&#8221; text_text_color=&#8221;#51c1e1&#8243; text_font_size=&#8221;19px&#8221; header_text_color=&#8221;#51c1e1&#8243; header_font_size=&#8221;19px&#8221; text_orientation=&#8221;center&#8221; width=&#8221;100%&#8221; max_width=&#8221;500px&#8221; module_alignment=&#8221;center&#8221; custom_margin=&#8221;||||false|false&#8221; custom_padding=&#8221;||||false|false&#8221; global_colors_info=&#8221;{}&#8221;]<\/p>\n<p>El nostre servei d\u2019atenci\u00f3 al client es posar\u00e0 en contacte amb tu en un termini no superior a 10 minuts.<\/p>\n<p>Et trucarem dins del nostre horari comercial ininterromput, de dilluns a divendres de 09:00 h. a 19:00 h.<\/p>\n<p>[\/et_pb_text][\/et_pb_column][\/et_pb_row][\/et_pb_section]<\/p>\n","protected":false},"excerpt":{"rendered":"<p>Formulari de contacte:Seu Central Barcelona | Delegacions Girona, Tarragona, Andorra i Illes BalearsEl nostre servei d\u2019atenci\u00f3 al client es posar\u00e0 en contacte amb tu en un termini no superior a 10 minuts. Et trucarem dins del nostre horari comercial ininterromput, de dilluns a divendres de 09:00 h. a 19:00 h.<\/p>\n","protected":false},"author":4,"featured_media":0,"parent":0,"menu_order":0,"comment_status":"closed","ping_status":"closed","template":"","meta":{"_et_pb_use_builder":"on","_et_pb_old_content":"","_et_gb_content_width":"","footnotes":""},"class_list":["post-175","page","type-page","status-publish","hentry"],"yoast_head":"<!-- This site is optimized with the Yoast SEO plugin v27.5 - https:\/\/yoast.com\/product\/yoast-seo-wordpress\/ -->\n<title>Contacte - Aguafina<\/title>\n<meta name=\"robots\" content=\"index, follow, max-snippet:-1, max-image-preview:large, max-video-preview:-1\" \/>\n<link rel=\"canonical\" href=\"https:\/\/www.aguafina.es\/ca\/contacte\/\" \/>\n<meta property=\"og:locale\" content=\"ca_ES\" \/>\n<meta property=\"og:type\" content=\"article\" \/>\n<meta property=\"og:title\" content=\"Contacte - Aguafina\" \/>\n<meta property=\"og:description\" content=\"Formulari de contacte:Seu Central Barcelona | Delegacions Girona, Tarragona, Andorra i Illes BalearsEl nostre servei d\u2019atenci\u00f3 al client es posar\u00e0 en contacte amb tu en un termini no superior a 10 minuts. Et trucarem dins del nostre horari comercial ininterromput, de dilluns a divendres de 09:00 h. a 19:00 h.\" \/>\n<meta property=\"og:url\" content=\"https:\/\/www.aguafina.es\/ca\/contacte\/\" \/>\n<meta property=\"og:site_name\" content=\"Aguafina\" \/>\n<meta property=\"article:modified_time\" content=\"2024-05-14T09:27:04+00:00\" \/>\n<meta property=\"og:image\" content=\"https:\/\/www.aguafina.es\/wp-content\/uploads\/2022\/12\/img_home_contingut-1024x575.png\" \/>\n\t<meta property=\"og:image:width\" content=\"1024\" \/>\n\t<meta property=\"og:image:height\" content=\"575\" \/>\n\t<meta property=\"og:image:type\" content=\"image\/png\" \/>\n<meta name=\"twitter:card\" content=\"summary_large_image\" \/>\n<script type=\"application\/ld+json\" class=\"yoast-schema-graph\">{\"@context\":\"https:\\\/\\\/schema.org\",\"@graph\":[{\"@type\":\"WebPage\",\"@id\":\"https:\\\/\\\/www.aguafina.es\\\/ca\\\/contacte\\\/\",\"url\":\"https:\\\/\\\/www.aguafina.es\\\/ca\\\/contacte\\\/\",\"name\":\"Contacte - Aguafina\",\"isPartOf\":{\"@id\":\"https:\\\/\\\/www.aguafina.es\\\/#website\"},\"datePublished\":\"2022-12-27T11:13:51+00:00\",\"dateModified\":\"2024-05-14T09:27:04+00:00\",\"breadcrumb\":{\"@id\":\"https:\\\/\\\/www.aguafina.es\\\/ca\\\/contacte\\\/#breadcrumb\"},\"inLanguage\":\"ca\",\"potentialAction\":[{\"@type\":\"ReadAction\",\"target\":[\"https:\\\/\\\/www.aguafina.es\\\/ca\\\/contacte\\\/\"]}]},{\"@type\":\"BreadcrumbList\",\"@id\":\"https:\\\/\\\/www.aguafina.es\\\/ca\\\/contacte\\\/#breadcrumb\",\"itemListElement\":[{\"@type\":\"ListItem\",\"position\":1,\"name\":\"Inici\",\"item\":\"https:\\\/\\\/www.aguafina.es\\\/ca\\\/\"},{\"@type\":\"ListItem\",\"position\":2,\"name\":\"Contacte\"}]},{\"@type\":\"WebSite\",\"@id\":\"https:\\\/\\\/www.aguafina.es\\\/#website\",\"url\":\"https:\\\/\\\/www.aguafina.es\\\/\",\"name\":\"Aguafina\",\"description\":\"Agua para profesionales\",\"publisher\":{\"@id\":\"https:\\\/\\\/www.aguafina.es\\\/#organization\"},\"alternateName\":\"Agua filtrada restaurantes\",\"potentialAction\":[{\"@type\":\"SearchAction\",\"target\":{\"@type\":\"EntryPoint\",\"urlTemplate\":\"https:\\\/\\\/www.aguafina.es\\\/?s={search_term_string}\"},\"query-input\":{\"@type\":\"PropertyValueSpecification\",\"valueRequired\":true,\"valueName\":\"search_term_string\"}}],\"inLanguage\":\"ca\"},{\"@type\":\"Organization\",\"@id\":\"https:\\\/\\\/www.aguafina.es\\\/#organization\",\"name\":\"Aguafina\",\"alternateName\":\"Aguafina\",\"url\":\"https:\\\/\\\/www.aguafina.es\\\/\",\"logo\":{\"@type\":\"ImageObject\",\"inLanguage\":\"ca\",\"@id\":\"https:\\\/\\\/www.aguafina.es\\\/#\\\/schema\\\/logo\\\/image\\\/\",\"url\":\"https:\\\/\\\/www.aguafina.es\\\/wp-content\\\/uploads\\\/2022\\\/12\\\/logo_aguafina-1.png\",\"contentUrl\":\"https:\\\/\\\/www.aguafina.es\\\/wp-content\\\/uploads\\\/2022\\\/12\\\/logo_aguafina-1.png\",\"width\":627,\"height\":284,\"caption\":\"Aguafina\"},\"image\":{\"@id\":\"https:\\\/\\\/www.aguafina.es\\\/#\\\/schema\\\/logo\\\/image\\\/\"}}]}<\/script>\n<!-- \/ Yoast SEO plugin. -->","yoast_head_json":{"title":"Contacte - Aguafina","robots":{"index":"index","follow":"follow","max-snippet":"max-snippet:-1","max-image-preview":"max-image-preview:large","max-video-preview":"max-video-preview:-1"},"canonical":"https:\/\/www.aguafina.es\/ca\/contacte\/","og_locale":"ca_ES","og_type":"article","og_title":"Contacte - Aguafina","og_description":"Formulari de contacte:Seu Central Barcelona | Delegacions Girona, Tarragona, Andorra i Illes BalearsEl nostre servei d\u2019atenci\u00f3 al client es posar\u00e0 en contacte amb tu en un termini no superior a 10 minuts. Et trucarem dins del nostre horari comercial ininterromput, de dilluns a divendres de 09:00 h. a 19:00 h.","og_url":"https:\/\/www.aguafina.es\/ca\/contacte\/","og_site_name":"Aguafina","article_modified_time":"2024-05-14T09:27:04+00:00","og_image":[{"width":1024,"height":575,"url":"https:\/\/www.aguafina.es\/wp-content\/uploads\/2022\/12\/img_home_contingut-1024x575.png","type":"image\/png"}],"twitter_card":"summary_large_image","schema":{"@context":"https:\/\/schema.org","@graph":[{"@type":"WebPage","@id":"https:\/\/www.aguafina.es\/ca\/contacte\/","url":"https:\/\/www.aguafina.es\/ca\/contacte\/","name":"Contacte - Aguafina","isPartOf":{"@id":"https:\/\/www.aguafina.es\/#website"},"datePublished":"2022-12-27T11:13:51+00:00","dateModified":"2024-05-14T09:27:04+00:00","breadcrumb":{"@id":"https:\/\/www.aguafina.es\/ca\/contacte\/#breadcrumb"},"inLanguage":"ca","potentialAction":[{"@type":"ReadAction","target":["https:\/\/www.aguafina.es\/ca\/contacte\/"]}]},{"@type":"BreadcrumbList","@id":"https:\/\/www.aguafina.es\/ca\/contacte\/#breadcrumb","itemListElement":[{"@type":"ListItem","position":1,"name":"Inici","item":"https:\/\/www.aguafina.es\/ca\/"},{"@type":"ListItem","position":2,"name":"Contacte"}]},{"@type":"WebSite","@id":"https:\/\/www.aguafina.es\/#website","url":"https:\/\/www.aguafina.es\/","name":"Aguafina","description":"Agua para profesionales","publisher":{"@id":"https:\/\/www.aguafina.es\/#organization"},"alternateName":"Agua filtrada restaurantes","potentialAction":[{"@type":"SearchAction","target":{"@type":"EntryPoint","urlTemplate":"https:\/\/www.aguafina.es\/?s={search_term_string}"},"query-input":{"@type":"PropertyValueSpecification","valueRequired":true,"valueName":"search_term_string"}}],"inLanguage":"ca"},{"@type":"Organization","@id":"https:\/\/www.aguafina.es\/#organization","name":"Aguafina","alternateName":"Aguafina","url":"https:\/\/www.aguafina.es\/","logo":{"@type":"ImageObject","inLanguage":"ca","@id":"https:\/\/www.aguafina.es\/#\/schema\/logo\/image\/","url":"https:\/\/www.aguafina.es\/wp-content\/uploads\/2022\/12\/logo_aguafina-1.png","contentUrl":"https:\/\/www.aguafina.es\/wp-content\/uploads\/2022\/12\/logo_aguafina-1.png","width":627,"height":284,"caption":"Aguafina"},"image":{"@id":"https:\/\/www.aguafina.es\/#\/schema\/logo\/image\/"}}]}},"_links":{"self":[{"href":"https:\/\/www.aguafina.es\/ca\/wp-json\/wp\/v2\/pages\/175","targetHints":{"allow":["GET"]}}],"collection":[{"href":"https:\/\/www.aguafina.es\/ca\/wp-json\/wp\/v2\/pages"}],"about":[{"href":"https:\/\/www.aguafina.es\/ca\/wp-json\/wp\/v2\/types\/page"}],"author":[{"embeddable":true,"href":"https:\/\/www.aguafina.es\/ca\/wp-json\/wp\/v2\/users\/4"}],"replies":[{"embeddable":true,"href":"https:\/\/www.aguafina.es\/ca\/wp-json\/wp\/v2\/comments?post=175"}],"version-history":[{"count":58,"href":"https:\/\/www.aguafina.es\/ca\/wp-json\/wp\/v2\/pages\/175\/revisions"}],"predecessor-version":[{"id":1021,"href":"https:\/\/www.aguafina.es\/ca\/wp-json\/wp\/v2\/pages\/175\/revisions\/1021"}],"wp:attachment":[{"href":"https:\/\/www.aguafina.es\/ca\/wp-json\/wp\/v2\/media?parent=175"}],"curies":[{"name":"wp","href":"https:\/\/api.w.org\/{rel}","templated":true}]}}